{"id":1120,"date":"2026-01-02T20:41:57","date_gmt":"2026-01-02T20:41:57","guid":{"rendered":"https:\/\/gentechstore.az\/?post_type=product&#038;p=1120"},"modified":"2026-03-29T23:15:42","modified_gmt":"2026-03-29T23:15:42","slug":"unv-ipc6312lfw-ax4c-vg","status":"publish","type":"product","link":"https:\/\/gentechstore.az\/ru\/mehsullar\/unv-ipc6312lfw-ax4c-vg\/","title":{"rendered":"IPC6312LFW-AX4C-VG | 2MP IP PTZ Kamera"},"content":{"rendered":"","protected":false},"excerpt":{"rendered":"","protected":false},"featured_media":1121,"template":"","meta":[],"product_brand":[67],"product_cat":[585,65,48],"product_tag":[112,263,260],"class_list":{"0":"post-1120","1":"product","2":"type-product","3":"status-publish","4":"has-post-thumbnail","6":"product_brand-unv","7":"product_cat-ipkameralar","8":"product_cat-tehlukesizlik-kameralari","9":"product_cat-videomusahide","10":"product_tag-kamera","11":"product_tag-ptz","12":"product_tag-unv","13":"pa_audio-ikitereflises","14":"pa_isiqlandirmanovu-led-ve-infrared","16":"first","17":"instock","18":"shipping-taxable","19":"purchasable","20":"product-type-simple"},"yoast_head":"<!-- This site is optimized with the Yoast SEO plugin v27.2 - https:\/\/yoast.com\/product\/yoast-seo-wordpress\/ -->\n<title>UNV IPC6312LFW-AX4C-VG | 2MP Color PTZ Kamera (4X Zoom)<\/title>\n<meta name=\"description\" content=\"UNV IPC6312LFW-AX4C-VG \u2013 2MP PTZ kamera, 4X optik zoom, ikit\u0259r\u0259fli s\u0259s, 50 m IR v\u0259 10 m LED i\u015f\u0131qland\u0131rma, PoE v\u0259 IP66 qoruma il\u0259 g\u00fccl\u00fc t\u0259hl\u00fck\u0259sizlik.\" \/>\n<meta name=\"robots\" content=\"index, follow, max-snippet:-1, max-image-preview:large, max-video-preview:-1\" \/>\n<link rel=\"canonical\" href=\"https:\/\/gentechstore.az\/ru\/mehsullar\/unv-ipc6312lfw-ax4c-vg\/\" \/>\n<meta property=\"og:locale\" content=\"ru_RU\" \/>\n<meta property=\"og:type\" content=\"product\" \/>\n<meta property=\"og:title\" content=\"UNV IPC6312LFW-AX4C-VG | 2MP Color PTZ Kamera (4X Zoom)\" \/>\n<meta property=\"og:description\" content=\"UNV IPC6312LFW-AX4C-VG \u2013 2MP PTZ kamera, 4X optik zoom, ikit\u0259r\u0259fli s\u0259s, 50 m IR v\u0259 10 m LED i\u015f\u0131qland\u0131rma, PoE v\u0259 IP66 qoruma il\u0259 g\u00fccl\u00fc t\u0259hl\u00fck\u0259sizlik.\" \/>\n<meta property=\"og:url\" content=\"https:\/\/gentechstore.az\/ru\/mehsullar\/unv-ipc6312lfw-ax4c-vg\/\" \/>\n<meta property=\"og:site_name\" content=\"Gentech Store\" \/>\n<meta property=\"article:publisher\" content=\"https:\/\/www.facebook.com\/gentechstoreaz\/\" \/>\n<meta property=\"article:modified_time\" content=\"2026-03-29T23:15:42+00:00\" \/>\n<meta property=\"og:image\" content=\"https:\/\/gentechstore.az\/wp-content\/uploads\/2026\/01\/UNV-IPC6312LFW-AX4C-VG.webp\" \/>\n\t<meta property=\"og:image:width\" content=\"600\" \/>\n\t<meta property=\"og:image:height\" content=\"338\" \/>\n\t<meta property=\"og:image:type\" content=\"image\/webp\" \/>\n<meta name=\"twitter:card\" content=\"summary_large_image\" \/>\n<meta name=\"twitter:label1\" content=\"\u041f\u0440\u0438\u043c\u0435\u0440\u043d\u043e\u0435 \u0432\u0440\u0435\u043c\u044f \u0434\u043b\u044f \u0447\u0442\u0435\u043d\u0438\u044f\" \/>\n\t<meta name=\"twitter:data1\" content=\"2 \u043c\u0438\u043d\u0443\u0442\u044b\" \/>\n<!-- \/ Yoast SEO plugin. -->","yoast_head_json":{"title":"UNV IPC6312LFW-AX4C-VG | 2MP Color PTZ Kamera (4X Zoom)","description":"UNV IPC6312LFW-AX4C-VG \u2013 2MP PTZ kamera, 4X optik zoom, ikit\u0259r\u0259fli s\u0259s, 50 m IR v\u0259 10 m LED i\u015f\u0131qland\u0131rma, PoE v\u0259 IP66 qoruma il\u0259 g\u00fccl\u00fc t\u0259hl\u00fck\u0259sizlik.","robots":{"index":"index","follow":"follow","max-snippet":"max-snippet:-1","max-image-preview":"max-image-preview:large","max-video-preview":"max-video-preview:-1"},"canonical":"https:\/\/gentechstore.az\/ru\/mehsullar\/unv-ipc6312lfw-ax4c-vg\/","og_locale":"ru_RU","og_type":"product","og_title":"UNV IPC6312LFW-AX4C-VG | 2MP Color PTZ Kamera (4X Zoom)","og_description":"UNV IPC6312LFW-AX4C-VG \u2013 2MP PTZ kamera, 4X optik zoom, ikit\u0259r\u0259fli s\u0259s, 50 m IR v\u0259 10 m LED i\u015f\u0131qland\u0131rma, PoE v\u0259 IP66 qoruma il\u0259 g\u00fccl\u00fc t\u0259hl\u00fck\u0259sizlik.","og_url":"https:\/\/gentechstore.az\/ru\/mehsullar\/unv-ipc6312lfw-ax4c-vg\/","og_site_name":"Gentech Store","article_publisher":"https:\/\/www.facebook.com\/gentechstoreaz\/","article_modified_time":"2026-03-29T23:15:42+00:00","og_image":[{"width":600,"height":338,"url":"https:\/\/gentechstore.az\/wp-content\/uploads\/2026\/01\/UNV-IPC6312LFW-AX4C-VG.webp","type":"image\/webp"}],"twitter_card":"summary_large_image","twitter_misc":{"\u041f\u0440\u0438\u043c\u0435\u0440\u043d\u043e\u0435 \u0432\u0440\u0435\u043c\u044f \u0434\u043b\u044f \u0447\u0442\u0435\u043d\u0438\u044f":"2 \u043c\u0438\u043d\u0443\u0442\u044b"},"schema":{"@context":"https:\/\/schema.org","@graph":[{"@type":"WebPage","@id":"https:\/\/gentechstore.az\/mehsullar\/unv-ipc6312lfw-ax4c-vg\/","url":"https:\/\/gentechstore.az\/mehsullar\/unv-ipc6312lfw-ax4c-vg\/","name":"UNV IPC6312LFW-AX4C-VG | 2MP Color PTZ Kamera (4X Zoom)","isPartOf":{"@id":"https:\/\/gentechstore.az\/#website"},"primaryImageOfPage":{"@id":"https:\/\/gentechstore.az\/mehsullar\/unv-ipc6312lfw-ax4c-vg\/#primaryimage"},"image":{"@id":"https:\/\/gentechstore.az\/mehsullar\/unv-ipc6312lfw-ax4c-vg\/#primaryimage"},"thumbnailUrl":"https:\/\/gentechstore.az\/wp-content\/uploads\/2026\/01\/UNV-IPC6312LFW-AX4C-VG.webp","datePublished":"2026-01-02T20:41:57+00:00","dateModified":"2026-03-29T23:15:42+00:00","description":"UNV IPC6312LFW-AX4C-VG \u2013 2MP PTZ kamera, 4X optik zoom, ikit\u0259r\u0259fli s\u0259s, 50 m IR v\u0259 10 m LED i\u015f\u0131qland\u0131rma, PoE v\u0259 IP66 qoruma il\u0259 g\u00fccl\u00fc t\u0259hl\u00fck\u0259sizlik.","breadcrumb":{"@id":"https:\/\/gentechstore.az\/mehsullar\/unv-ipc6312lfw-ax4c-vg\/#breadcrumb"},"inLanguage":"ru-RU","potentialAction":[{"@type":"ReadAction","target":["https:\/\/gentechstore.az\/mehsullar\/unv-ipc6312lfw-ax4c-vg\/"]}]},{"@type":"ImageObject","inLanguage":"ru-RU","@id":"https:\/\/gentechstore.az\/mehsullar\/unv-ipc6312lfw-ax4c-vg\/#primaryimage","url":"https:\/\/gentechstore.az\/wp-content\/uploads\/2026\/01\/UNV-IPC6312LFW-AX4C-VG.webp","contentUrl":"https:\/\/gentechstore.az\/wp-content\/uploads\/2026\/01\/UNV-IPC6312LFW-AX4C-VG.webp","width":400,"height":400,"caption":"UNV IPC6312LFW-AX4C-VG"},{"@type":"BreadcrumbList","@id":"https:\/\/gentechstore.az\/mehsullar\/unv-ipc6312lfw-ax4c-vg\/#breadcrumb","itemListElement":[{"@type":"ListItem","position":1,"name":"Anasayfa","item":"https:\/\/gentechstore.az\/"},{"@type":"ListItem","position":2,"name":"M\u0259hsullar","item":"https:\/\/gentechstore.az\/mehsullar\/"},{"@type":"ListItem","position":3,"name":"IPC6312LFW-AX4C-VG | 2MP IP PTZ Kamera"}]},{"@type":"WebSite","@id":"https:\/\/gentechstore.az\/#website","url":"https:\/\/gentechstore.az\/","name":"\u041c\u0430\u0433\u0430\u0437\u0438\u043d Gentech","description":"\u0421\u0438\u0441\u0442\u0435\u043c\u044b \u0432\u0438\u0434\u0435\u043e\u043d\u0430\u0431\u043b\u044e\u0434\u0435\u043d\u0438\u044f, \u0438\u0441\u0442\u043e\u0447\u043d\u0438\u043a\u0438 \u0431\u0435\u0441\u043f\u0435\u0440\u0435\u0431\u043e\u0439\u043d\u043e\u0433\u043e \u043f\u0438\u0442\u0430\u043d\u0438\u044f, \u0441\u0435\u0442\u0435\u0432\u044b\u0435 \u0438 \u0437\u0432\u0443\u043a\u043e\u0432\u044b\u0435 \u0441\u0438\u0441\u0442\u0435\u043c\u044b.","publisher":{"@id":"https:\/\/gentechstore.az\/#organization"},"alternateName":"Gentech","potentialAction":[{"@type":"SearchAction","target":{"@type":"EntryPoint","urlTemplate":"https:\/\/gentechstore.az\/?s={search_term_string}"},"query-input":{"@type":"PropertyValueSpecification","valueRequired":true,"valueName":"search_term_string"}}],"inLanguage":"ru-RU"},{"@type":"Organization","@id":"https:\/\/gentechstore.az\/#organization","name":"\u041c\u0430\u0433\u0430\u0437\u0438\u043d Gentech","url":"https:\/\/gentechstore.az\/","logo":{"@type":"ImageObject","inLanguage":"ru-RU","@id":"https:\/\/gentechstore.az\/#\/schema\/logo\/image\/","url":"https:\/\/gentechstore.az\/wp-content\/uploads\/2026\/01\/Adsiz-tasarim.png","contentUrl":"https:\/\/gentechstore.az\/wp-content\/uploads\/2026\/01\/Adsiz-tasarim.png","width":110,"height":70,"caption":"Gentech Store"},"image":{"@id":"https:\/\/gentechstore.az\/#\/schema\/logo\/image\/"},"sameAs":["https:\/\/www.facebook.com\/gentechstoreaz\/","https:\/\/www.instagram.com\/gentech.store_az\/","https:\/\/www.tiktok.com\/@gentech_store"]}]}},"_links":{"self":[{"href":"https:\/\/gentechstore.az\/ru\/wp-json\/wp\/v2\/product\/1120","targetHints":{"allow":["GET"]}}],"collection":[{"href":"https:\/\/gentechstore.az\/ru\/wp-json\/wp\/v2\/product"}],"about":[{"href":"https:\/\/gentechstore.az\/ru\/wp-json\/wp\/v2\/types\/product"}],"wp:featuredmedia":[{"embeddable":true,"href":"https:\/\/gentechstore.az\/ru\/wp-json\/wp\/v2\/media\/1121"}],"wp:attachment":[{"href":"https:\/\/gentechstore.az\/ru\/wp-json\/wp\/v2\/media?parent=1120"}],"wp:term":[{"taxonomy":"product_brand","embeddable":true,"href":"https:\/\/gentechstore.az\/ru\/wp-json\/wp\/v2\/product_brand?post=1120"},{"taxonomy":"product_cat","embeddable":true,"href":"https:\/\/gentechstore.az\/ru\/wp-json\/wp\/v2\/product_cat?post=1120"},{"taxonomy":"product_tag","embeddable":true,"href":"https:\/\/gentechstore.az\/ru\/wp-json\/wp\/v2\/product_tag?post=1120"}],"curies":[{"name":"WP","href":"https:\/\/api.w.org\/{rel}","templated":true}]}}