{"id":1962,"date":"2026-01-15T16:43:10","date_gmt":"2026-01-15T16:43:10","guid":{"rendered":"https:\/\/gentechstore.az\/?post_type=product&#038;p=1962"},"modified":"2026-03-28T00:05:30","modified_gmt":"2026-03-28T00:05:30","slug":"unv-nsw1010-8gt-in","status":"publish","type":"product","link":"https:\/\/gentechstore.az\/ru\/mehsullar\/unv-nsw1010-8gt-in\/","title":{"rendered":"NSW1010-8GT-IN | 8 Port Gigabit Switch"},"content":{"rendered":"","protected":false},"excerpt":{"rendered":"","protected":false},"featured_media":1963,"template":"","meta":[],"product_brand":[67],"product_cat":[53,346],"product_tag":[],"class_list":{"0":"post-1962","1":"product","2":"type-product","3":"status-publish","4":"has-post-thumbnail","6":"product_brand-unv","7":"product_cat-sebeke-avadanliqlari","8":"product_cat-switchler","9":"pa_portsureti-1-gbps","10":"pa_svitchtipi-unmanaged","12":"first","13":"instock","14":"shipping-taxable","15":"purchasable","16":"product-type-simple"},"yoast_head":"<!-- This site is optimized with the Yoast SEO plugin v27.2 - https:\/\/yoast.com\/product\/yoast-seo-wordpress\/ -->\n<title>UNV NSW1010-8GT-IN | 8 Port \u0130dar\u0259 Olunmayan Gigabit Switch<\/title>\n<meta name=\"description\" content=\"UNV NSW1010-8GT-IN \u2013 8 portlu idar\u0259 olunmayan Gigabit switch, fans\u0131z dizayn, 1000 Mbps port s\u00fcr\u0259ti, DC 5V adapter, ofis v\u0259 ev \u015f\u0259b\u0259k\u0259l\u0259ri \u00fc\u00e7\u00fcn praktik se\u00e7im.\" \/>\n<meta name=\"robots\" content=\"index, follow, max-snippet:-1, max-image-preview:large, max-video-preview:-1\" \/>\n<link rel=\"canonical\" href=\"https:\/\/gentechstore.az\/ru\/mehsullar\/unv-nsw1010-8gt-in\/\" \/>\n<meta property=\"og:locale\" content=\"ru_RU\" \/>\n<meta property=\"og:type\" content=\"product\" \/>\n<meta property=\"og:title\" content=\"UNV NSW1010-8GT-IN | 8 Port \u0130dar\u0259 Olunmayan Gigabit Switch\" \/>\n<meta property=\"og:description\" content=\"UNV NSW1010-8GT-IN \u2013 8 portlu idar\u0259 olunmayan Gigabit switch, fans\u0131z dizayn, 1000 Mbps port s\u00fcr\u0259ti, DC 5V adapter, ofis v\u0259 ev \u015f\u0259b\u0259k\u0259l\u0259ri \u00fc\u00e7\u00fcn praktik se\u00e7im.\" \/>\n<meta property=\"og:url\" content=\"https:\/\/gentechstore.az\/ru\/mehsullar\/unv-nsw1010-8gt-in\/\" \/>\n<meta property=\"og:site_name\" content=\"Gentech Store\" \/>\n<meta property=\"article:publisher\" content=\"https:\/\/www.facebook.com\/gentechstoreaz\/\" \/>\n<meta property=\"article:modified_time\" content=\"2026-03-28T00:05:30+00:00\" \/>\n<meta property=\"og:image\" content=\"https:\/\/gentechstore.az\/wp-content\/uploads\/2026\/01\/UNV-NSW1010-8GT-IN-scaled.webp\" \/>\n\t<meta property=\"og:image:width\" content=\"2560\" \/>\n\t<meta property=\"og:image:height\" content=\"2560\" \/>\n\t<meta property=\"og:image:type\" content=\"image\/webp\" \/>\n<meta name=\"twitter:card\" content=\"summary_large_image\" \/>\n<meta name=\"twitter:label1\" content=\"\u041f\u0440\u0438\u043c\u0435\u0440\u043d\u043e\u0435 \u0432\u0440\u0435\u043c\u044f \u0434\u043b\u044f \u0447\u0442\u0435\u043d\u0438\u044f\" \/>\n\t<meta name=\"twitter:data1\" content=\"1 \u043c\u0438\u043d\u0443\u0442\u0430\" \/>\n<!-- \/ Yoast SEO plugin. -->","yoast_head_json":{"title":"UNV NSW1010-8GT-IN | 8 Port \u0130dar\u0259 Olunmayan Gigabit Switch","description":"UNV NSW1010-8GT-IN \u2013 8 portlu idar\u0259 olunmayan Gigabit switch, fans\u0131z dizayn, 1000 Mbps port s\u00fcr\u0259ti, DC 5V adapter, ofis v\u0259 ev \u015f\u0259b\u0259k\u0259l\u0259ri \u00fc\u00e7\u00fcn praktik se\u00e7im.","robots":{"index":"index","follow":"follow","max-snippet":"max-snippet:-1","max-image-preview":"max-image-preview:large","max-video-preview":"max-video-preview:-1"},"canonical":"https:\/\/gentechstore.az\/ru\/mehsullar\/unv-nsw1010-8gt-in\/","og_locale":"ru_RU","og_type":"product","og_title":"UNV NSW1010-8GT-IN | 8 Port \u0130dar\u0259 Olunmayan Gigabit Switch","og_description":"UNV NSW1010-8GT-IN \u2013 8 portlu idar\u0259 olunmayan Gigabit switch, fans\u0131z dizayn, 1000 Mbps port s\u00fcr\u0259ti, DC 5V adapter, ofis v\u0259 ev \u015f\u0259b\u0259k\u0259l\u0259ri \u00fc\u00e7\u00fcn praktik se\u00e7im.","og_url":"https:\/\/gentechstore.az\/ru\/mehsullar\/unv-nsw1010-8gt-in\/","og_site_name":"Gentech Store","article_publisher":"https:\/\/www.facebook.com\/gentechstoreaz\/","article_modified_time":"2026-03-28T00:05:30+00:00","og_image":[{"width":2560,"height":2560,"url":"https:\/\/gentechstore.az\/wp-content\/uploads\/2026\/01\/UNV-NSW1010-8GT-IN-scaled.webp","type":"image\/webp"}],"twitter_card":"summary_large_image","twitter_misc":{"\u041f\u0440\u0438\u043c\u0435\u0440\u043d\u043e\u0435 \u0432\u0440\u0435\u043c\u044f \u0434\u043b\u044f \u0447\u0442\u0435\u043d\u0438\u044f":"1 \u043c\u0438\u043d\u0443\u0442\u0430"},"schema":{"@context":"https:\/\/schema.org","@graph":[{"@type":"WebPage","@id":"https:\/\/gentechstore.az\/mehsullar\/unv-nsw1010-8gt-in\/","url":"https:\/\/gentechstore.az\/mehsullar\/unv-nsw1010-8gt-in\/","name":"UNV NSW1010-8GT-IN | 8 Port \u0130dar\u0259 Olunmayan Gigabit Switch","isPartOf":{"@id":"https:\/\/gentechstore.az\/#website"},"primaryImageOfPage":{"@id":"https:\/\/gentechstore.az\/mehsullar\/unv-nsw1010-8gt-in\/#primaryimage"},"image":{"@id":"https:\/\/gentechstore.az\/mehsullar\/unv-nsw1010-8gt-in\/#primaryimage"},"thumbnailUrl":"https:\/\/gentechstore.az\/wp-content\/uploads\/2026\/01\/UNV-NSW1010-8GT-IN-scaled.webp","datePublished":"2026-01-15T16:43:10+00:00","dateModified":"2026-03-28T00:05:30+00:00","description":"UNV NSW1010-8GT-IN \u2013 8 portlu idar\u0259 olunmayan Gigabit switch, fans\u0131z dizayn, 1000 Mbps port s\u00fcr\u0259ti, DC 5V adapter, ofis v\u0259 ev \u015f\u0259b\u0259k\u0259l\u0259ri \u00fc\u00e7\u00fcn praktik se\u00e7im.","breadcrumb":{"@id":"https:\/\/gentechstore.az\/mehsullar\/unv-nsw1010-8gt-in\/#breadcrumb"},"inLanguage":"ru-RU","potentialAction":[{"@type":"ReadAction","target":["https:\/\/gentechstore.az\/mehsullar\/unv-nsw1010-8gt-in\/"]}]},{"@type":"ImageObject","inLanguage":"ru-RU","@id":"https:\/\/gentechstore.az\/mehsullar\/unv-nsw1010-8gt-in\/#primaryimage","url":"https:\/\/gentechstore.az\/wp-content\/uploads\/2026\/01\/UNV-NSW1010-8GT-IN-scaled.webp","contentUrl":"https:\/\/gentechstore.az\/wp-content\/uploads\/2026\/01\/UNV-NSW1010-8GT-IN-scaled.webp","width":2560,"height":2560,"caption":"UNV NSW1010-8GT-IN"},{"@type":"BreadcrumbList","@id":"https:\/\/gentechstore.az\/mehsullar\/unv-nsw1010-8gt-in\/#breadcrumb","itemListElement":[{"@type":"ListItem","position":1,"name":"Anasayfa","item":"https:\/\/gentechstore.az\/"},{"@type":"ListItem","position":2,"name":"M\u0259hsullar","item":"https:\/\/gentechstore.az\/mehsullar\/"},{"@type":"ListItem","position":3,"name":"NSW1010-8GT-IN | 8 Port Gigabit Switch"}]},{"@type":"WebSite","@id":"https:\/\/gentechstore.az\/#website","url":"https:\/\/gentechstore.az\/","name":"\u041c\u0430\u0433\u0430\u0437\u0438\u043d Gentech","description":"\u0421\u0438\u0441\u0442\u0435\u043c\u044b \u0432\u0438\u0434\u0435\u043e\u043d\u0430\u0431\u043b\u044e\u0434\u0435\u043d\u0438\u044f, \u0438\u0441\u0442\u043e\u0447\u043d\u0438\u043a\u0438 \u0431\u0435\u0441\u043f\u0435\u0440\u0435\u0431\u043e\u0439\u043d\u043e\u0433\u043e \u043f\u0438\u0442\u0430\u043d\u0438\u044f, \u0441\u0435\u0442\u0435\u0432\u044b\u0435 \u0438 \u0437\u0432\u0443\u043a\u043e\u0432\u044b\u0435 \u0441\u0438\u0441\u0442\u0435\u043c\u044b.","publisher":{"@id":"https:\/\/gentechstore.az\/#organization"},"alternateName":"Gentech","potentialAction":[{"@type":"SearchAction","target":{"@type":"EntryPoint","urlTemplate":"https:\/\/gentechstore.az\/?s={search_term_string}"},"query-input":{"@type":"PropertyValueSpecification","valueRequired":true,"valueName":"search_term_string"}}],"inLanguage":"ru-RU"},{"@type":"Organization","@id":"https:\/\/gentechstore.az\/#organization","name":"\u041c\u0430\u0433\u0430\u0437\u0438\u043d Gentech","url":"https:\/\/gentechstore.az\/","logo":{"@type":"ImageObject","inLanguage":"ru-RU","@id":"https:\/\/gentechstore.az\/#\/schema\/logo\/image\/","url":"https:\/\/gentechstore.az\/wp-content\/uploads\/2026\/01\/Adsiz-tasarim.png","contentUrl":"https:\/\/gentechstore.az\/wp-content\/uploads\/2026\/01\/Adsiz-tasarim.png","width":110,"height":70,"caption":"Gentech Store"},"image":{"@id":"https:\/\/gentechstore.az\/#\/schema\/logo\/image\/"},"sameAs":["https:\/\/www.facebook.com\/gentechstoreaz\/","https:\/\/www.instagram.com\/gentech.store_az\/","https:\/\/www.tiktok.com\/@gentech_store"]}]}},"_links":{"self":[{"href":"https:\/\/gentechstore.az\/ru\/wp-json\/wp\/v2\/product\/1962","targetHints":{"allow":["GET"]}}],"collection":[{"href":"https:\/\/gentechstore.az\/ru\/wp-json\/wp\/v2\/product"}],"about":[{"href":"https:\/\/gentechstore.az\/ru\/wp-json\/wp\/v2\/types\/product"}],"wp:featuredmedia":[{"embeddable":true,"href":"https:\/\/gentechstore.az\/ru\/wp-json\/wp\/v2\/media\/1963"}],"wp:attachment":[{"href":"https:\/\/gentechstore.az\/ru\/wp-json\/wp\/v2\/media?parent=1962"}],"wp:term":[{"taxonomy":"product_brand","embeddable":true,"href":"https:\/\/gentechstore.az\/ru\/wp-json\/wp\/v2\/product_brand?post=1962"},{"taxonomy":"product_cat","embeddable":true,"href":"https:\/\/gentechstore.az\/ru\/wp-json\/wp\/v2\/product_cat?post=1962"},{"taxonomy":"product_tag","embeddable":true,"href":"https:\/\/gentechstore.az\/ru\/wp-json\/wp\/v2\/product_tag?post=1962"}],"curies":[{"name":"WP","href":"https:\/\/api.w.org\/{rel}","templated":true}]}}