{"id":3529,"date":"2026-01-29T18:23:10","date_gmt":"2026-01-29T18:23:10","guid":{"rendered":"https:\/\/gentechstore.az\/product\/evac-500-voice-evacuation-controller\/"},"modified":"2026-03-15T02:43:35","modified_gmt":"2026-03-15T02:43:35","slug":"evac-500-voice-evacuation-controller","status":"publish","type":"product","link":"https:\/\/gentechstore.az\/ru\/mehsullar\/evac-500-voice-evacuation-controller\/","title":{"rendered":"EVAC-500 | Voice Evacuation Controller"},"content":{"rendered":"","protected":false},"excerpt":{"rendered":"","protected":false},"featured_media":3538,"template":"","meta":[],"product_brand":[513],"product_cat":[514,54],"product_tag":[],"class_list":{"0":"post-3529","1":"product","2":"type-product","3":"status-publish","4":"has-post-thumbnail","6":"product_brand-cmx","7":"product_cat-evacalarm","8":"product_cat-ses-sistemleri","10":"first","11":"instock","12":"shipping-taxable","13":"purchasable","14":"product-type-simple"},"yoast_head":"<!-- This site is optimized with the Yoast SEO plugin v27.2 - https:\/\/yoast.com\/product\/yoast-seo-wordpress\/ -->\n<title>CMX EVAC-500 | EN54 Voice Evacuation Controller<\/title>\n<meta name=\"description\" content=\"CMX EVAC-500 EN54 S\u0259sli T\u0259xliy\u0259 N\u0259zar\u0259t\u00e7isi. Yan\u011f\u0131n mikrofonu, x\u0259tt monitorinqi, avtomatik mesaj v\u0259 500W g\u00fcc idar\u0259etm\u0259si.\" \/>\n<meta name=\"robots\" content=\"index, follow, max-snippet:-1, max-image-preview:large, max-video-preview:-1\" \/>\n<link rel=\"canonical\" href=\"https:\/\/gentechstore.az\/ru\/mehsullar\/evac-500-voice-evacuation-controller\/\" \/>\n<meta property=\"og:locale\" content=\"ru_RU\" \/>\n<meta property=\"og:type\" content=\"product\" \/>\n<meta property=\"og:title\" content=\"CMX EVAC-500 | EN54 Voice Evacuation Controller\" \/>\n<meta property=\"og:description\" content=\"CMX EVAC-500 EN54 S\u0259sli T\u0259xliy\u0259 N\u0259zar\u0259t\u00e7isi. Yan\u011f\u0131n mikrofonu, x\u0259tt monitorinqi, avtomatik mesaj v\u0259 500W g\u00fcc idar\u0259etm\u0259si.\" \/>\n<meta property=\"og:url\" content=\"https:\/\/gentechstore.az\/ru\/mehsullar\/evac-500-voice-evacuation-controller\/\" \/>\n<meta property=\"og:site_name\" content=\"Gentech Store\" \/>\n<meta property=\"article:publisher\" content=\"https:\/\/www.facebook.com\/gentechstoreaz\/\" \/>\n<meta property=\"article:modified_time\" content=\"2026-03-15T02:43:35+00:00\" \/>\n<meta property=\"og:image\" content=\"https:\/\/gentechstore.az\/wp-content\/uploads\/2026\/01\/EVAC-500-cmx.webp\" \/>\n\t<meta property=\"og:image:width\" content=\"1001\" \/>\n\t<meta property=\"og:image:height\" content=\"1001\" \/>\n\t<meta property=\"og:image:type\" content=\"image\/webp\" \/>\n<meta name=\"twitter:card\" content=\"summary_large_image\" \/>\n<meta name=\"twitter:label1\" content=\"\u041f\u0440\u0438\u043c\u0435\u0440\u043d\u043e\u0435 \u0432\u0440\u0435\u043c\u044f \u0434\u043b\u044f \u0447\u0442\u0435\u043d\u0438\u044f\" \/>\n\t<meta name=\"twitter:data1\" content=\"1 \u043c\u0438\u043d\u0443\u0442\u0430\" \/>\n<!-- \/ Yoast SEO plugin. -->","yoast_head_json":{"title":"CMX EVAC-500 | EN54 Voice Evacuation Controller","description":"CMX EVAC-500 EN54 S\u0259sli T\u0259xliy\u0259 N\u0259zar\u0259t\u00e7isi. Yan\u011f\u0131n mikrofonu, x\u0259tt monitorinqi, avtomatik mesaj v\u0259 500W g\u00fcc idar\u0259etm\u0259si.","robots":{"index":"index","follow":"follow","max-snippet":"max-snippet:-1","max-image-preview":"max-image-preview:large","max-video-preview":"max-video-preview:-1"},"canonical":"https:\/\/gentechstore.az\/ru\/mehsullar\/evac-500-voice-evacuation-controller\/","og_locale":"ru_RU","og_type":"product","og_title":"CMX EVAC-500 | EN54 Voice Evacuation Controller","og_description":"CMX EVAC-500 EN54 S\u0259sli T\u0259xliy\u0259 N\u0259zar\u0259t\u00e7isi. Yan\u011f\u0131n mikrofonu, x\u0259tt monitorinqi, avtomatik mesaj v\u0259 500W g\u00fcc idar\u0259etm\u0259si.","og_url":"https:\/\/gentechstore.az\/ru\/mehsullar\/evac-500-voice-evacuation-controller\/","og_site_name":"Gentech Store","article_publisher":"https:\/\/www.facebook.com\/gentechstoreaz\/","article_modified_time":"2026-03-15T02:43:35+00:00","og_image":[{"width":1001,"height":1001,"url":"https:\/\/gentechstore.az\/wp-content\/uploads\/2026\/01\/EVAC-500-cmx.webp","type":"image\/webp"}],"twitter_card":"summary_large_image","twitter_misc":{"\u041f\u0440\u0438\u043c\u0435\u0440\u043d\u043e\u0435 \u0432\u0440\u0435\u043c\u044f \u0434\u043b\u044f \u0447\u0442\u0435\u043d\u0438\u044f":"1 \u043c\u0438\u043d\u0443\u0442\u0430"},"schema":{"@context":"https:\/\/schema.org","@graph":[{"@type":"WebPage","@id":"https:\/\/gentechstore.az\/mehsullar\/evac-500-voice-evacuation-controller\/","url":"https:\/\/gentechstore.az\/mehsullar\/evac-500-voice-evacuation-controller\/","name":"CMX EVAC-500 | EN54 Voice Evacuation Controller","isPartOf":{"@id":"https:\/\/gentechstore.az\/#website"},"primaryImageOfPage":{"@id":"https:\/\/gentechstore.az\/mehsullar\/evac-500-voice-evacuation-controller\/#primaryimage"},"image":{"@id":"https:\/\/gentechstore.az\/mehsullar\/evac-500-voice-evacuation-controller\/#primaryimage"},"thumbnailUrl":"https:\/\/gentechstore.az\/wp-content\/uploads\/2026\/01\/EVAC-500-cmx.webp","datePublished":"2026-01-29T18:23:10+00:00","dateModified":"2026-03-15T02:43:35+00:00","description":"CMX EVAC-500 EN54 S\u0259sli T\u0259xliy\u0259 N\u0259zar\u0259t\u00e7isi. Yan\u011f\u0131n mikrofonu, x\u0259tt monitorinqi, avtomatik mesaj v\u0259 500W g\u00fcc idar\u0259etm\u0259si.","breadcrumb":{"@id":"https:\/\/gentechstore.az\/mehsullar\/evac-500-voice-evacuation-controller\/#breadcrumb"},"inLanguage":"ru-RU","potentialAction":[{"@type":"ReadAction","target":["https:\/\/gentechstore.az\/mehsullar\/evac-500-voice-evacuation-controller\/"]}]},{"@type":"ImageObject","inLanguage":"ru-RU","@id":"https:\/\/gentechstore.az\/mehsullar\/evac-500-voice-evacuation-controller\/#primaryimage","url":"https:\/\/gentechstore.az\/wp-content\/uploads\/2026\/01\/EVAC-500-cmx.webp","contentUrl":"https:\/\/gentechstore.az\/wp-content\/uploads\/2026\/01\/EVAC-500-cmx.webp","width":1001,"height":1001,"caption":"EN54-16 Voice Evacuation Controller EVAC-500"},{"@type":"BreadcrumbList","@id":"https:\/\/gentechstore.az\/mehsullar\/evac-500-voice-evacuation-controller\/#breadcrumb","itemListElement":[{"@type":"ListItem","position":1,"name":"Anasayfa","item":"https:\/\/gentechstore.az\/"},{"@type":"ListItem","position":2,"name":"M\u0259hsullar","item":"https:\/\/gentechstore.az\/mehsullar\/"},{"@type":"ListItem","position":3,"name":"EVAC-500 | Voice Evacuation Controller"}]},{"@type":"WebSite","@id":"https:\/\/gentechstore.az\/#website","url":"https:\/\/gentechstore.az\/","name":"\u041c\u0430\u0433\u0430\u0437\u0438\u043d Gentech","description":"\u0421\u0438\u0441\u0442\u0435\u043c\u044b \u0432\u0438\u0434\u0435\u043e\u043d\u0430\u0431\u043b\u044e\u0434\u0435\u043d\u0438\u044f, \u0438\u0441\u0442\u043e\u0447\u043d\u0438\u043a\u0438 \u0431\u0435\u0441\u043f\u0435\u0440\u0435\u0431\u043e\u0439\u043d\u043e\u0433\u043e \u043f\u0438\u0442\u0430\u043d\u0438\u044f, \u0441\u0435\u0442\u0435\u0432\u044b\u0435 \u0438 \u0437\u0432\u0443\u043a\u043e\u0432\u044b\u0435 \u0441\u0438\u0441\u0442\u0435\u043c\u044b.","publisher":{"@id":"https:\/\/gentechstore.az\/#organization"},"alternateName":"Gentech","potentialAction":[{"@type":"SearchAction","target":{"@type":"EntryPoint","urlTemplate":"https:\/\/gentechstore.az\/?s={search_term_string}"},"query-input":{"@type":"PropertyValueSpecification","valueRequired":true,"valueName":"search_term_string"}}],"inLanguage":"ru-RU"},{"@type":"Organization","@id":"https:\/\/gentechstore.az\/#organization","name":"\u041c\u0430\u0433\u0430\u0437\u0438\u043d Gentech","url":"https:\/\/gentechstore.az\/","logo":{"@type":"ImageObject","inLanguage":"ru-RU","@id":"https:\/\/gentechstore.az\/#\/schema\/logo\/image\/","url":"https:\/\/gentechstore.az\/wp-content\/uploads\/2026\/01\/Adsiz-tasarim.png","contentUrl":"https:\/\/gentechstore.az\/wp-content\/uploads\/2026\/01\/Adsiz-tasarim.png","width":110,"height":70,"caption":"Gentech Store"},"image":{"@id":"https:\/\/gentechstore.az\/#\/schema\/logo\/image\/"},"sameAs":["https:\/\/www.facebook.com\/gentechstoreaz\/","https:\/\/www.instagram.com\/gentech.store_az\/","https:\/\/www.tiktok.com\/@gentech_store"]}]}},"_links":{"self":[{"href":"https:\/\/gentechstore.az\/ru\/wp-json\/wp\/v2\/product\/3529","targetHints":{"allow":["GET"]}}],"collection":[{"href":"https:\/\/gentechstore.az\/ru\/wp-json\/wp\/v2\/product"}],"about":[{"href":"https:\/\/gentechstore.az\/ru\/wp-json\/wp\/v2\/types\/product"}],"wp:featuredmedia":[{"embeddable":true,"href":"https:\/\/gentechstore.az\/ru\/wp-json\/wp\/v2\/media\/3538"}],"wp:attachment":[{"href":"https:\/\/gentechstore.az\/ru\/wp-json\/wp\/v2\/media?parent=3529"}],"wp:term":[{"taxonomy":"product_brand","embeddable":true,"href":"https:\/\/gentechstore.az\/ru\/wp-json\/wp\/v2\/product_brand?post=3529"},{"taxonomy":"product_cat","embeddable":true,"href":"https:\/\/gentechstore.az\/ru\/wp-json\/wp\/v2\/product_cat?post=3529"},{"taxonomy":"product_tag","embeddable":true,"href":"https:\/\/gentechstore.az\/ru\/wp-json\/wp\/v2\/product_tag?post=3529"}],"curies":[{"name":"WP","href":"https:\/\/api.w.org\/{rel}","templated":true}]}}