{"id":4699,"date":"2026-02-20T10:53:11","date_gmt":"2026-02-20T10:53:11","guid":{"rendered":"https:\/\/gentechstore.az\/?post_type=product&#038;p=4699"},"modified":"2026-03-29T20:25:25","modified_gmt":"2026-03-29T20:25:25","slug":"imou-aov-dual-10mp-4g-ptz-kamera","status":"publish","type":"product","link":"https:\/\/gentechstore.az\/ru\/mehsullar\/imou-aov-dual-10mp-4g-ptz-kamera\/","title":{"rendered":"AOV Dual 10MP | 5+5MP Dual Lens PT 4G\/Wi-Fi Camera"},"content":{"rendered":"","protected":false},"excerpt":{"rendered":"","protected":false},"featured_media":4698,"template":"","meta":[],"product_brand":[69],"product_cat":[591,65,48,587],"product_tag":[],"class_list":{"0":"post-4699","1":"product","2":"type-product","3":"status-publish","4":"has-post-thumbnail","6":"product_brand-imou","7":"product_cat-4g-kameralar","8":"product_cat-tehlukesizlik-kameralari","9":"product_cat-videomusahide","10":"product_cat-wi-fi-kameralar","11":"pa_audio-ikitereflises","12":"pa_isiqlandirmanovu-led-ve-infrared","14":"first","15":"instock","16":"shipping-taxable","17":"purchasable","18":"product-type-simple"},"yoast_head":"<!-- This site is optimized with the Yoast SEO plugin v27.2 - https:\/\/yoast.com\/product\/yoast-seo-wordpress\/ -->\n<title>Imou AOV Dual 10MP | 5 MP 4G\/Wi-Fi Kamera<\/title>\n<meta name=\"description\" content=\"Imou AOV Dual 10MP - 5 MP \u0130kilensli PT Wi-Fi Kamera. 25 metr gec\u0259 g\u00f6r\u00fc\u015f m\u0259saf\u0259si il\u0259 y\u00fcks\u0259k keyfiyy\u0259tli v\u0259 ayd\u0131n g\u00f6r\u00fcnt\u00fc. R\u0259smi z\u0259man\u0259tl\u0259 sat\u0131\u015f.\" \/>\n<meta name=\"robots\" content=\"index, follow, max-snippet:-1, max-image-preview:large, max-video-preview:-1\" \/>\n<link rel=\"canonical\" href=\"https:\/\/gentechstore.az\/ru\/mehsullar\/imou-aov-dual-10mp-4g-ptz-kamera\/\" \/>\n<meta property=\"og:locale\" content=\"ru_RU\" \/>\n<meta property=\"og:type\" content=\"product\" \/>\n<meta property=\"og:title\" content=\"Imou AOV Dual 10MP | 5 MP 4G\/Wi-Fi Kamera\" \/>\n<meta property=\"og:description\" content=\"Imou AOV Dual 10MP - 5 MP \u0130kilensli PT Wi-Fi Kamera. 25 metr gec\u0259 g\u00f6r\u00fc\u015f m\u0259saf\u0259si il\u0259 y\u00fcks\u0259k keyfiyy\u0259tli v\u0259 ayd\u0131n g\u00f6r\u00fcnt\u00fc. R\u0259smi z\u0259man\u0259tl\u0259 sat\u0131\u015f.\" \/>\n<meta property=\"og:url\" content=\"https:\/\/gentechstore.az\/ru\/mehsullar\/imou-aov-dual-10mp-4g-ptz-kamera\/\" \/>\n<meta property=\"og:site_name\" content=\"Gentech Store\" \/>\n<meta property=\"article:publisher\" content=\"https:\/\/www.facebook.com\/gentechstoreaz\/\" \/>\n<meta property=\"article:modified_time\" content=\"2026-03-29T20:25:25+00:00\" \/>\n<meta property=\"og:image\" content=\"https:\/\/gentechstore.az\/wp-content\/uploads\/2026\/02\/333.png\" \/>\n\t<meta property=\"og:image:width\" content=\"402\" \/>\n\t<meta property=\"og:image:height\" content=\"387\" \/>\n\t<meta property=\"og:image:type\" content=\"image\/png\" \/>\n<meta name=\"twitter:card\" content=\"summary_large_image\" \/>\n<meta name=\"twitter:label1\" content=\"\u041f\u0440\u0438\u043c\u0435\u0440\u043d\u043e\u0435 \u0432\u0440\u0435\u043c\u044f \u0434\u043b\u044f \u0447\u0442\u0435\u043d\u0438\u044f\" \/>\n\t<meta name=\"twitter:data1\" content=\"2 \u043c\u0438\u043d\u0443\u0442\u044b\" \/>\n<!-- \/ Yoast SEO plugin. -->","yoast_head_json":{"title":"Imou AOV Dual 10MP | 5-\u043c\u0435\u0433\u0430\u043f\u0438\u043a\u0441\u0435\u043b\u044c\u043d\u0430\u044f \u043a\u0430\u043c\u0435\u0440\u0430 4G\/Wi-Fi","description":"\u041a\u0430\u043c\u0435\u0440\u0430 Imou AOV Dual 10MP - 5 MP \u0441 \u0434\u0432\u0443\u043c\u044f \u043e\u0431\u044a\u0435\u043a\u0442\u0438\u0432\u0430\u043c\u0438 \u0438 \u043f\u043e\u0434\u0434\u0435\u0440\u0436\u043a\u043e\u0439 Wi-Fi. \u0412\u044b\u0441\u043e\u043a\u043e\u0435 \u043a\u0430\u0447\u0435\u0441\u0442\u0432\u043e \u0438 \u0447\u0435\u0442\u043a\u043e\u0435 \u0438\u0437\u043e\u0431\u0440\u0430\u0436\u0435\u043d\u0438\u0435, \u0434\u0430\u043b\u044c\u043d\u043e\u0441\u0442\u044c \u043d\u043e\u0447\u043d\u043e\u0433\u043e \u0432\u0438\u0434\u0435\u043d\u0438\u044f 25 \u043c\u0435\u0442\u0440\u043e\u0432. \u041f\u0440\u043e\u0434\u0430\u0435\u0442\u0441\u044f \u0441 \u043e\u0444\u0438\u0446\u0438\u0430\u043b\u044c\u043d\u043e\u0439 \u0433\u0430\u0440\u0430\u043d\u0442\u0438\u0435\u0439.","robots":{"index":"index","follow":"follow","max-snippet":"max-snippet:-1","max-image-preview":"max-image-preview:large","max-video-preview":"max-video-preview:-1"},"canonical":"https:\/\/gentechstore.az\/ru\/mehsullar\/imou-aov-dual-10mp-4g-ptz-kamera\/","og_locale":"ru_RU","og_type":"product","og_title":"Imou AOV Dual 10MP | 5 MP 4G\/Wi-Fi Kamera","og_description":"Imou AOV Dual 10MP - 5 MP \u0130kilensli PT Wi-Fi Kamera. 25 metr gec\u0259 g\u00f6r\u00fc\u015f m\u0259saf\u0259si il\u0259 y\u00fcks\u0259k keyfiyy\u0259tli v\u0259 ayd\u0131n g\u00f6r\u00fcnt\u00fc. R\u0259smi z\u0259man\u0259tl\u0259 sat\u0131\u015f.","og_url":"https:\/\/gentechstore.az\/ru\/mehsullar\/imou-aov-dual-10mp-4g-ptz-kamera\/","og_site_name":"Gentech Store","article_publisher":"https:\/\/www.facebook.com\/gentechstoreaz\/","article_modified_time":"2026-03-29T20:25:25+00:00","og_image":[{"width":402,"height":387,"url":"https:\/\/gentechstore.az\/wp-content\/uploads\/2026\/02\/333.png","type":"image\/png"}],"twitter_card":"summary_large_image","twitter_misc":{"\u041f\u0440\u0438\u043c\u0435\u0440\u043d\u043e\u0435 \u0432\u0440\u0435\u043c\u044f \u0434\u043b\u044f \u0447\u0442\u0435\u043d\u0438\u044f":"2 \u043c\u0438\u043d\u0443\u0442\u044b"},"schema":{"@context":"https:\/\/schema.org","@graph":[{"@type":"WebPage","@id":"https:\/\/gentechstore.az\/mehsullar\/imou-aov-dual-10mp-4g-ptz-kamera\/","url":"https:\/\/gentechstore.az\/mehsullar\/imou-aov-dual-10mp-4g-ptz-kamera\/","name":"Imou AOV Dual 10MP | 5-\u043c\u0435\u0433\u0430\u043f\u0438\u043a\u0441\u0435\u043b\u044c\u043d\u0430\u044f \u043a\u0430\u043c\u0435\u0440\u0430 4G\/Wi-Fi","isPartOf":{"@id":"https:\/\/gentechstore.az\/#website"},"primaryImageOfPage":{"@id":"https:\/\/gentechstore.az\/mehsullar\/imou-aov-dual-10mp-4g-ptz-kamera\/#primaryimage"},"image":{"@id":"https:\/\/gentechstore.az\/mehsullar\/imou-aov-dual-10mp-4g-ptz-kamera\/#primaryimage"},"thumbnailUrl":"https:\/\/gentechstore.az\/wp-content\/uploads\/2026\/02\/333.png","datePublished":"2026-02-20T10:53:11+00:00","dateModified":"2026-03-29T20:25:25+00:00","description":"\u041a\u0430\u043c\u0435\u0440\u0430 Imou AOV Dual 10MP - 5 MP \u0441 \u0434\u0432\u0443\u043c\u044f \u043e\u0431\u044a\u0435\u043a\u0442\u0438\u0432\u0430\u043c\u0438 \u0438 \u043f\u043e\u0434\u0434\u0435\u0440\u0436\u043a\u043e\u0439 Wi-Fi. \u0412\u044b\u0441\u043e\u043a\u043e\u0435 \u043a\u0430\u0447\u0435\u0441\u0442\u0432\u043e \u0438 \u0447\u0435\u0442\u043a\u043e\u0435 \u0438\u0437\u043e\u0431\u0440\u0430\u0436\u0435\u043d\u0438\u0435, \u0434\u0430\u043b\u044c\u043d\u043e\u0441\u0442\u044c \u043d\u043e\u0447\u043d\u043e\u0433\u043e \u0432\u0438\u0434\u0435\u043d\u0438\u044f 25 \u043c\u0435\u0442\u0440\u043e\u0432. \u041f\u0440\u043e\u0434\u0430\u0435\u0442\u0441\u044f \u0441 \u043e\u0444\u0438\u0446\u0438\u0430\u043b\u044c\u043d\u043e\u0439 \u0433\u0430\u0440\u0430\u043d\u0442\u0438\u0435\u0439.","breadcrumb":{"@id":"https:\/\/gentechstore.az\/mehsullar\/imou-aov-dual-10mp-4g-ptz-kamera\/#breadcrumb"},"inLanguage":"ru-RU","potentialAction":[{"@type":"ReadAction","target":["https:\/\/gentechstore.az\/mehsullar\/imou-aov-dual-10mp-4g-ptz-kamera\/"]}]},{"@type":"ImageObject","inLanguage":"ru-RU","@id":"https:\/\/gentechstore.az\/mehsullar\/imou-aov-dual-10mp-4g-ptz-kamera\/#primaryimage","url":"https:\/\/gentechstore.az\/wp-content\/uploads\/2026\/02\/333.png","contentUrl":"https:\/\/gentechstore.az\/wp-content\/uploads\/2026\/02\/333.png","width":402,"height":387,"caption":"Imou AOV Dual 10MP | 5 MP S\u0259sli Wi-Fi Kamera"},{"@type":"BreadcrumbList","@id":"https:\/\/gentechstore.az\/mehsullar\/imou-aov-dual-10mp-4g-ptz-kamera\/#breadcrumb","itemListElement":[{"@type":"ListItem","position":1,"name":"Anasayfa","item":"https:\/\/gentechstore.az\/"},{"@type":"ListItem","position":2,"name":"M\u0259hsullar","item":"https:\/\/gentechstore.az\/mehsullar\/"},{"@type":"ListItem","position":3,"name":"AOV Dual 10MP | 5+5MP \u0130kilensli PT 4G\/Wi-Fi Kamera"}]},{"@type":"WebSite","@id":"https:\/\/gentechstore.az\/#website","url":"https:\/\/gentechstore.az\/","name":"\u041c\u0430\u0433\u0430\u0437\u0438\u043d Gentech","description":"\u0421\u0438\u0441\u0442\u0435\u043c\u044b \u0432\u0438\u0434\u0435\u043e\u043d\u0430\u0431\u043b\u044e\u0434\u0435\u043d\u0438\u044f, \u0438\u0441\u0442\u043e\u0447\u043d\u0438\u043a\u0438 \u0431\u0435\u0441\u043f\u0435\u0440\u0435\u0431\u043e\u0439\u043d\u043e\u0433\u043e \u043f\u0438\u0442\u0430\u043d\u0438\u044f, \u0441\u0435\u0442\u0435\u0432\u044b\u0435 \u0438 \u0437\u0432\u0443\u043a\u043e\u0432\u044b\u0435 \u0441\u0438\u0441\u0442\u0435\u043c\u044b.","publisher":{"@id":"https:\/\/gentechstore.az\/#organization"},"alternateName":"Gentech","potentialAction":[{"@type":"SearchAction","target":{"@type":"EntryPoint","urlTemplate":"https:\/\/gentechstore.az\/?s={search_term_string}"},"query-input":{"@type":"PropertyValueSpecification","valueRequired":true,"valueName":"search_term_string"}}],"inLanguage":"ru-RU"},{"@type":"Organization","@id":"https:\/\/gentechstore.az\/#organization","name":"\u041c\u0430\u0433\u0430\u0437\u0438\u043d Gentech","url":"https:\/\/gentechstore.az\/","logo":{"@type":"ImageObject","inLanguage":"ru-RU","@id":"https:\/\/gentechstore.az\/#\/schema\/logo\/image\/","url":"https:\/\/gentechstore.az\/wp-content\/uploads\/2026\/01\/Adsiz-tasarim.png","contentUrl":"https:\/\/gentechstore.az\/wp-content\/uploads\/2026\/01\/Adsiz-tasarim.png","width":110,"height":70,"caption":"Gentech Store"},"image":{"@id":"https:\/\/gentechstore.az\/#\/schema\/logo\/image\/"},"sameAs":["https:\/\/www.facebook.com\/gentechstoreaz\/","https:\/\/www.instagram.com\/gentech.store_az\/","https:\/\/www.tiktok.com\/@gentech_store"]}]}},"_links":{"self":[{"href":"https:\/\/gentechstore.az\/ru\/wp-json\/wp\/v2\/product\/4699","targetHints":{"allow":["GET"]}}],"collection":[{"href":"https:\/\/gentechstore.az\/ru\/wp-json\/wp\/v2\/product"}],"about":[{"href":"https:\/\/gentechstore.az\/ru\/wp-json\/wp\/v2\/types\/product"}],"wp:featuredmedia":[{"embeddable":true,"href":"https:\/\/gentechstore.az\/ru\/wp-json\/wp\/v2\/media\/4698"}],"wp:attachment":[{"href":"https:\/\/gentechstore.az\/ru\/wp-json\/wp\/v2\/media?parent=4699"}],"wp:term":[{"taxonomy":"product_brand","embeddable":true,"href":"https:\/\/gentechstore.az\/ru\/wp-json\/wp\/v2\/product_brand?post=4699"},{"taxonomy":"product_cat","embeddable":true,"href":"https:\/\/gentechstore.az\/ru\/wp-json\/wp\/v2\/product_cat?post=4699"},{"taxonomy":"product_tag","embeddable":true,"href":"https:\/\/gentechstore.az\/ru\/wp-json\/wp\/v2\/product_tag?post=4699"}],"curies":[{"name":"WP","href":"https:\/\/api.w.org\/{rel}","templated":true}]}}