{"id":5218,"date":"2026-03-17T23:51:42","date_gmt":"2026-03-17T23:51:42","guid":{"rendered":"https:\/\/gentechstore.az\/?post_type=product&#038;p=5218"},"modified":"2026-03-17T23:51:42","modified_gmt":"2026-03-17T23:51:42","slug":"xb-d70bt-2d-naqilsiz-barkod-skaner","status":"publish","type":"product","link":"https:\/\/gentechstore.az\/ru\/mehsullar\/xb-d70bt-2d-naqilsiz-barkod-skaner\/","title":{"rendered":"XB-D70BT | \u0411\u0435\u0441\u043f\u0440\u043e\u0432\u043e\u0434\u043d\u043e\u0439 2D \u0441\u043a\u0430\u043d\u0435\u0440 \u0448\u0442\u0440\u0438\u0445-\u043a\u043e\u0434\u043e\u0432"},"content":{"rendered":"","protected":false},"excerpt":{"rendered":"","protected":false},"featured_media":5219,"template":"","meta":[],"product_brand":[722],"product_cat":[484,485],"product_tag":[],"class_list":{"0":"post-5218","1":"product","2":"type-product","3":"status-publish","4":"has-post-thumbnail","6":"product_brand-syble","7":"product_cat-kassa-avadanliqlari","8":"product_cat-skaner","10":"first","11":"instock","12":"sale","13":"shipping-taxable","14":"purchasable","15":"product-type-simple"},"yoast_head":"<!-- This site is optimized with the Yoast SEO plugin v27.2 - https:\/\/yoast.com\/product\/yoast-seo-wordpress\/ -->\n<title>Syble XB-D70 | 2D Naqilsiz Barkod Skaner | R\u0259smi z\u0259man\u0259tl\u0259 sat\u0131\u015f<\/title>\n<meta name=\"description\" content=\"Syble XB-D70 | 2D Barkod Skaner | y\u00fcks\u0259k s\u00fcr\u0259tli oxuma, cross laser d\u0259qiqlik, 400 mm m\u0259saf\u0259 v\u0259 g\u00fccl\u00fc performans il\u0259 etibarl\u0131 se\u00e7im, r\u0259smi z\u0259man\u0259tl\u0259 sat\u0131\u015f\" \/>\n<meta name=\"robots\" content=\"index, follow, max-snippet:-1, max-image-preview:large, max-video-preview:-1\" \/>\n<link rel=\"canonical\" href=\"https:\/\/gentechstore.az\/ru\/mehsullar\/xb-d70bt-2d-naqilsiz-barkod-skaner\/\" \/>\n<meta property=\"og:locale\" content=\"ru_RU\" \/>\n<meta property=\"og:type\" content=\"product\" \/>\n<meta property=\"og:title\" content=\"Syble XB-D70 | 2D Naqilsiz Barkod Skaner | R\u0259smi z\u0259man\u0259tl\u0259 sat\u0131\u015f\" \/>\n<meta property=\"og:description\" content=\"Syble XB-D70 | 2D Barkod Skaner | y\u00fcks\u0259k s\u00fcr\u0259tli oxuma, cross laser d\u0259qiqlik, 400 mm m\u0259saf\u0259 v\u0259 g\u00fccl\u00fc performans il\u0259 etibarl\u0131 se\u00e7im, r\u0259smi z\u0259man\u0259tl\u0259 sat\u0131\u015f\" \/>\n<meta property=\"og:url\" content=\"https:\/\/gentechstore.az\/ru\/mehsullar\/xb-d70bt-2d-naqilsiz-barkod-skaner\/\" \/>\n<meta property=\"og:site_name\" content=\"Gentech Store\" \/>\n<meta property=\"article:publisher\" content=\"https:\/\/www.facebook.com\/gentechstoreaz\/\" \/>\n<meta property=\"og:image\" content=\"https:\/\/gentechstore.az\/wp-content\/uploads\/2026\/03\/erasebg-transformed-1-1.webp\" \/>\n\t<meta property=\"og:image:width\" content=\"413\" \/>\n\t<meta property=\"og:image:height\" content=\"413\" \/>\n\t<meta property=\"og:image:type\" content=\"image\/webp\" \/>\n<meta name=\"twitter:card\" content=\"summary_large_image\" \/>\n<meta name=\"twitter:label1\" content=\"\u041f\u0440\u0438\u043c\u0435\u0440\u043d\u043e\u0435 \u0432\u0440\u0435\u043c\u044f \u0434\u043b\u044f \u0447\u0442\u0435\u043d\u0438\u044f\" \/>\n\t<meta name=\"twitter:data1\" content=\"1 \u043c\u0438\u043d\u0443\u0442\u0430\" \/>\n<!-- \/ Yoast SEO plugin. -->","yoast_head_json":{"title":"Syble XB-D70 | 2D Naqilsiz Barkod Skaner | R\u0259smi z\u0259man\u0259tl\u0259 sat\u0131\u015f","description":"Syble XB-D70 | 2D Barkod Skaner | y\u00fcks\u0259k s\u00fcr\u0259tli oxuma, cross laser d\u0259qiqlik, 400 mm m\u0259saf\u0259 v\u0259 g\u00fccl\u00fc performans il\u0259 etibarl\u0131 se\u00e7im, r\u0259smi z\u0259man\u0259tl\u0259 sat\u0131\u015f","robots":{"index":"index","follow":"follow","max-snippet":"max-snippet:-1","max-image-preview":"max-image-preview:large","max-video-preview":"max-video-preview:-1"},"canonical":"https:\/\/gentechstore.az\/ru\/mehsullar\/xb-d70bt-2d-naqilsiz-barkod-skaner\/","og_locale":"ru_RU","og_type":"product","og_title":"Syble XB-D70 | 2D Naqilsiz Barkod Skaner | R\u0259smi z\u0259man\u0259tl\u0259 sat\u0131\u015f","og_description":"Syble XB-D70 | 2D Barkod Skaner | y\u00fcks\u0259k s\u00fcr\u0259tli oxuma, cross laser d\u0259qiqlik, 400 mm m\u0259saf\u0259 v\u0259 g\u00fccl\u00fc performans il\u0259 etibarl\u0131 se\u00e7im, r\u0259smi z\u0259man\u0259tl\u0259 sat\u0131\u015f","og_url":"https:\/\/gentechstore.az\/ru\/mehsullar\/xb-d70bt-2d-naqilsiz-barkod-skaner\/","og_site_name":"Gentech Store","article_publisher":"https:\/\/www.facebook.com\/gentechstoreaz\/","og_image":[{"width":413,"height":413,"url":"https:\/\/gentechstore.az\/wp-content\/uploads\/2026\/03\/erasebg-transformed-1-1.webp","type":"image\/webp"}],"twitter_card":"summary_large_image","twitter_misc":{"\u041f\u0440\u0438\u043c\u0435\u0440\u043d\u043e\u0435 \u0432\u0440\u0435\u043c\u044f \u0434\u043b\u044f \u0447\u0442\u0435\u043d\u0438\u044f":"1 \u043c\u0438\u043d\u0443\u0442\u0430"},"schema":{"@context":"https:\/\/schema.org","@graph":[{"@type":"WebPage","@id":"https:\/\/gentechstore.az\/mehsullar\/xb-d70bt-2d-naqilsiz-barkod-skaner\/","url":"https:\/\/gentechstore.az\/mehsullar\/xb-d70bt-2d-naqilsiz-barkod-skaner\/","name":"Syble XB-D70 | 2D Naqilsiz Barkod Skaner | R\u0259smi z\u0259man\u0259tl\u0259 sat\u0131\u015f","isPartOf":{"@id":"https:\/\/gentechstore.az\/#website"},"primaryImageOfPage":{"@id":"https:\/\/gentechstore.az\/mehsullar\/xb-d70bt-2d-naqilsiz-barkod-skaner\/#primaryimage"},"image":{"@id":"https:\/\/gentechstore.az\/mehsullar\/xb-d70bt-2d-naqilsiz-barkod-skaner\/#primaryimage"},"thumbnailUrl":"https:\/\/gentechstore.az\/wp-content\/uploads\/2026\/03\/erasebg-transformed-1-1.webp","datePublished":"2026-03-17T23:51:42+00:00","description":"Syble XB-D70 | 2D Barkod Skaner | y\u00fcks\u0259k s\u00fcr\u0259tli oxuma, cross laser d\u0259qiqlik, 400 mm m\u0259saf\u0259 v\u0259 g\u00fccl\u00fc performans il\u0259 etibarl\u0131 se\u00e7im, r\u0259smi z\u0259man\u0259tl\u0259 sat\u0131\u015f","breadcrumb":{"@id":"https:\/\/gentechstore.az\/mehsullar\/xb-d70bt-2d-naqilsiz-barkod-skaner\/#breadcrumb"},"inLanguage":"ru-RU","potentialAction":[{"@type":"ReadAction","target":["https:\/\/gentechstore.az\/mehsullar\/xb-d70bt-2d-naqilsiz-barkod-skaner\/"]}]},{"@type":"ImageObject","inLanguage":"ru-RU","@id":"https:\/\/gentechstore.az\/mehsullar\/xb-d70bt-2d-naqilsiz-barkod-skaner\/#primaryimage","url":"https:\/\/gentechstore.az\/wp-content\/uploads\/2026\/03\/erasebg-transformed-1-1.webp","contentUrl":"https:\/\/gentechstore.az\/wp-content\/uploads\/2026\/03\/erasebg-transformed-1-1.webp","width":413,"height":413,"caption":"Syble XB-D70BT 2d barkod skaner"},{"@type":"BreadcrumbList","@id":"https:\/\/gentechstore.az\/mehsullar\/xb-d70bt-2d-naqilsiz-barkod-skaner\/#breadcrumb","itemListElement":[{"@type":"ListItem","position":1,"name":"Anasayfa","item":"https:\/\/gentechstore.az\/"},{"@type":"ListItem","position":2,"name":"M\u0259hsullar","item":"https:\/\/gentechstore.az\/mehsullar\/"},{"@type":"ListItem","position":3,"name":"XB-D70BT | 2D Naqilsiz Barkod Skaner"}]},{"@type":"WebSite","@id":"https:\/\/gentechstore.az\/#website","url":"https:\/\/gentechstore.az\/","name":"\u041c\u0430\u0433\u0430\u0437\u0438\u043d Gentech","description":"\u0421\u0438\u0441\u0442\u0435\u043c\u044b \u0432\u0438\u0434\u0435\u043e\u043d\u0430\u0431\u043b\u044e\u0434\u0435\u043d\u0438\u044f, \u0438\u0441\u0442\u043e\u0447\u043d\u0438\u043a\u0438 \u0431\u0435\u0441\u043f\u0435\u0440\u0435\u0431\u043e\u0439\u043d\u043e\u0433\u043e \u043f\u0438\u0442\u0430\u043d\u0438\u044f, \u0441\u0435\u0442\u0435\u0432\u044b\u0435 \u0438 \u0437\u0432\u0443\u043a\u043e\u0432\u044b\u0435 \u0441\u0438\u0441\u0442\u0435\u043c\u044b.","publisher":{"@id":"https:\/\/gentechstore.az\/#organization"},"alternateName":"Gentech","potentialAction":[{"@type":"SearchAction","target":{"@type":"EntryPoint","urlTemplate":"https:\/\/gentechstore.az\/?s={search_term_string}"},"query-input":{"@type":"PropertyValueSpecification","valueRequired":true,"valueName":"search_term_string"}}],"inLanguage":"ru-RU"},{"@type":"Organization","@id":"https:\/\/gentechstore.az\/#organization","name":"\u041c\u0430\u0433\u0430\u0437\u0438\u043d Gentech","url":"https:\/\/gentechstore.az\/","logo":{"@type":"ImageObject","inLanguage":"ru-RU","@id":"https:\/\/gentechstore.az\/#\/schema\/logo\/image\/","url":"https:\/\/gentechstore.az\/wp-content\/uploads\/2026\/01\/Adsiz-tasarim.png","contentUrl":"https:\/\/gentechstore.az\/wp-content\/uploads\/2026\/01\/Adsiz-tasarim.png","width":110,"height":70,"caption":"Gentech Store"},"image":{"@id":"https:\/\/gentechstore.az\/#\/schema\/logo\/image\/"},"sameAs":["https:\/\/www.facebook.com\/gentechstoreaz\/","https:\/\/www.instagram.com\/gentech.store_az\/","https:\/\/www.tiktok.com\/@gentech_store"]}]}},"_links":{"self":[{"href":"https:\/\/gentechstore.az\/ru\/wp-json\/wp\/v2\/product\/5218","targetHints":{"allow":["GET"]}}],"collection":[{"href":"https:\/\/gentechstore.az\/ru\/wp-json\/wp\/v2\/product"}],"about":[{"href":"https:\/\/gentechstore.az\/ru\/wp-json\/wp\/v2\/types\/product"}],"wp:featuredmedia":[{"embeddable":true,"href":"https:\/\/gentechstore.az\/ru\/wp-json\/wp\/v2\/media\/5219"}],"wp:attachment":[{"href":"https:\/\/gentechstore.az\/ru\/wp-json\/wp\/v2\/media?parent=5218"}],"wp:term":[{"taxonomy":"product_brand","embeddable":true,"href":"https:\/\/gentechstore.az\/ru\/wp-json\/wp\/v2\/product_brand?post=5218"},{"taxonomy":"product_cat","embeddable":true,"href":"https:\/\/gentechstore.az\/ru\/wp-json\/wp\/v2\/product_cat?post=5218"},{"taxonomy":"product_tag","embeddable":true,"href":"https:\/\/gentechstore.az\/ru\/wp-json\/wp\/v2\/product_tag?post=5218"}],"curies":[{"name":"WP","href":"https:\/\/api.w.org\/{rel}","templated":true}]}}