{"id":5342,"date":"2026-03-22T13:13:48","date_gmt":"2026-03-22T13:13:48","guid":{"rendered":"https:\/\/gentechstore.az\/?post_type=product&#038;p=5342"},"modified":"2026-03-22T22:12:08","modified_gmt":"2026-03-22T22:12:08","slug":"10tb-hdd-seagate-st10000ve000","status":"publish","type":"product","link":"https:\/\/gentechstore.az\/ru\/mehsullar\/10tb-hdd-seagate-st10000ve000\/","title":{"rendered":"10TB HDD (ST10000VE000)"},"content":{"rendered":"","protected":false},"excerpt":{"rendered":"","protected":false},"featured_media":5344,"template":"","meta":[],"product_brand":[73],"product_cat":[792],"product_tag":[],"class_list":{"0":"post-5342","1":"product","2":"type-product","3":"status-publish","4":"has-post-thumbnail","6":"product_brand-seagate","7":"product_cat-hard-disk","9":"first","10":"instock","11":"sale","12":"shipping-taxable","13":"purchasable","14":"product-type-simple"},"yoast_head":"<!-- This site is optimized with the Yoast SEO plugin v27.2 - https:\/\/yoast.com\/product\/yoast-seo-wordpress\/ -->\n<title>10TB HDD Seagate SkyHawk AI ST10000VE000 \u2013 Z\u0259man\u0259tl\u0259<\/title>\n<meta name=\"description\" content=\"10TB HDD Seagate SkyHawk AI ST10000VE000 y\u00fcks\u0259k y\u00fckl\u00fc AI v\u0259 NVR sisteml\u0259ri \u00fc\u00e7\u00fcn ideal se\u00e7imdir, r\u0259smi z\u0259man\u0259t v\u0259 \u00e7atd\u0131r\u0131lma imkan\u0131 il\u0259 sat\u0131\u015f.\" \/>\n<meta name=\"robots\" content=\"index, follow, max-snippet:-1, max-image-preview:large, max-video-preview:-1\" \/>\n<link rel=\"canonical\" href=\"https:\/\/gentechstore.az\/ru\/mehsullar\/10tb-hdd-seagate-st10000ve000\/\" \/>\n<meta property=\"og:locale\" content=\"ru_RU\" \/>\n<meta property=\"og:type\" content=\"product\" \/>\n<meta property=\"og:title\" content=\"10TB HDD Seagate SkyHawk AI ST10000VE000 \u2013 Z\u0259man\u0259tl\u0259\" \/>\n<meta property=\"og:description\" content=\"10TB HDD Seagate SkyHawk AI ST10000VE000 y\u00fcks\u0259k y\u00fckl\u00fc AI v\u0259 NVR sisteml\u0259ri \u00fc\u00e7\u00fcn ideal se\u00e7imdir, r\u0259smi z\u0259man\u0259t v\u0259 \u00e7atd\u0131r\u0131lma imkan\u0131 il\u0259 sat\u0131\u015f.\" \/>\n<meta property=\"og:url\" content=\"https:\/\/gentechstore.az\/ru\/mehsullar\/10tb-hdd-seagate-st10000ve000\/\" \/>\n<meta property=\"og:site_name\" content=\"Gentech Store\" \/>\n<meta property=\"article:publisher\" content=\"https:\/\/www.facebook.com\/gentechstoreaz\/\" \/>\n<meta property=\"article:modified_time\" content=\"2026-03-22T22:12:08+00:00\" \/>\n<meta property=\"og:image\" content=\"https:\/\/gentechstore.az\/wp-content\/uploads\/2026\/03\/10tb-hdd-seagate-ST10000VE000.webp\" \/>\n\t<meta property=\"og:image:width\" content=\"243\" \/>\n\t<meta property=\"og:image:height\" content=\"266\" \/>\n\t<meta property=\"og:image:type\" content=\"image\/webp\" \/>\n<meta name=\"twitter:card\" content=\"summary_large_image\" \/>\n<meta name=\"twitter:label1\" content=\"\u041f\u0440\u0438\u043c\u0435\u0440\u043d\u043e\u0435 \u0432\u0440\u0435\u043c\u044f \u0434\u043b\u044f \u0447\u0442\u0435\u043d\u0438\u044f\" \/>\n\t<meta name=\"twitter:data1\" content=\"1 \u043c\u0438\u043d\u0443\u0442\u0430\" \/>\n<!-- \/ Yoast SEO plugin. -->","yoast_head_json":{"title":"10TB HDD Seagate SkyHawk AI ST10000VE000 \u2013 Z\u0259man\u0259tl\u0259","description":"10TB HDD Seagate SkyHawk AI ST10000VE000 y\u00fcks\u0259k y\u00fckl\u00fc AI v\u0259 NVR sisteml\u0259ri \u00fc\u00e7\u00fcn ideal se\u00e7imdir, r\u0259smi z\u0259man\u0259t v\u0259 \u00e7atd\u0131r\u0131lma imkan\u0131 il\u0259 sat\u0131\u015f.","robots":{"index":"index","follow":"follow","max-snippet":"max-snippet:-1","max-image-preview":"max-image-preview:large","max-video-preview":"max-video-preview:-1"},"canonical":"https:\/\/gentechstore.az\/ru\/mehsullar\/10tb-hdd-seagate-st10000ve000\/","og_locale":"ru_RU","og_type":"product","og_title":"10TB HDD Seagate SkyHawk AI ST10000VE000 \u2013 Z\u0259man\u0259tl\u0259","og_description":"10TB HDD Seagate SkyHawk AI ST10000VE000 y\u00fcks\u0259k y\u00fckl\u00fc AI v\u0259 NVR sisteml\u0259ri \u00fc\u00e7\u00fcn ideal se\u00e7imdir, r\u0259smi z\u0259man\u0259t v\u0259 \u00e7atd\u0131r\u0131lma imkan\u0131 il\u0259 sat\u0131\u015f.","og_url":"https:\/\/gentechstore.az\/ru\/mehsullar\/10tb-hdd-seagate-st10000ve000\/","og_site_name":"Gentech Store","article_publisher":"https:\/\/www.facebook.com\/gentechstoreaz\/","article_modified_time":"2026-03-22T22:12:08+00:00","og_image":[{"width":243,"height":266,"url":"https:\/\/gentechstore.az\/wp-content\/uploads\/2026\/03\/10tb-hdd-seagate-ST10000VE000.webp","type":"image\/webp"}],"twitter_card":"summary_large_image","twitter_misc":{"\u041f\u0440\u0438\u043c\u0435\u0440\u043d\u043e\u0435 \u0432\u0440\u0435\u043c\u044f \u0434\u043b\u044f \u0447\u0442\u0435\u043d\u0438\u044f":"1 \u043c\u0438\u043d\u0443\u0442\u0430"},"schema":{"@context":"https:\/\/schema.org","@graph":[{"@type":"WebPage","@id":"https:\/\/gentechstore.az\/mehsullar\/10tb-hdd-seagate-st10000ve000\/","url":"https:\/\/gentechstore.az\/mehsullar\/10tb-hdd-seagate-st10000ve000\/","name":"10TB HDD Seagate SkyHawk AI ST10000VE000 \u2013 Z\u0259man\u0259tl\u0259","isPartOf":{"@id":"https:\/\/gentechstore.az\/#website"},"primaryImageOfPage":{"@id":"https:\/\/gentechstore.az\/mehsullar\/10tb-hdd-seagate-st10000ve000\/#primaryimage"},"image":{"@id":"https:\/\/gentechstore.az\/mehsullar\/10tb-hdd-seagate-st10000ve000\/#primaryimage"},"thumbnailUrl":"https:\/\/gentechstore.az\/wp-content\/uploads\/2026\/03\/10tb-hdd-seagate-ST10000VE000.webp","datePublished":"2026-03-22T13:13:48+00:00","dateModified":"2026-03-22T22:12:08+00:00","description":"10TB HDD Seagate SkyHawk AI ST10000VE000 y\u00fcks\u0259k y\u00fckl\u00fc AI v\u0259 NVR sisteml\u0259ri \u00fc\u00e7\u00fcn ideal se\u00e7imdir, r\u0259smi z\u0259man\u0259t v\u0259 \u00e7atd\u0131r\u0131lma imkan\u0131 il\u0259 sat\u0131\u015f.","breadcrumb":{"@id":"https:\/\/gentechstore.az\/mehsullar\/10tb-hdd-seagate-st10000ve000\/#breadcrumb"},"inLanguage":"ru-RU","potentialAction":[{"@type":"ReadAction","target":["https:\/\/gentechstore.az\/mehsullar\/10tb-hdd-seagate-st10000ve000\/"]}]},{"@type":"ImageObject","inLanguage":"ru-RU","@id":"https:\/\/gentechstore.az\/mehsullar\/10tb-hdd-seagate-st10000ve000\/#primaryimage","url":"https:\/\/gentechstore.az\/wp-content\/uploads\/2026\/03\/10tb-hdd-seagate-ST10000VE000.webp","contentUrl":"https:\/\/gentechstore.az\/wp-content\/uploads\/2026\/03\/10tb-hdd-seagate-ST10000VE000.webp","width":243,"height":266,"caption":"10tb hdd seagate ST10000VE000"},{"@type":"BreadcrumbList","@id":"https:\/\/gentechstore.az\/mehsullar\/10tb-hdd-seagate-st10000ve000\/#breadcrumb","itemListElement":[{"@type":"ListItem","position":1,"name":"Anasayfa","item":"https:\/\/gentechstore.az\/"},{"@type":"ListItem","position":2,"name":"M\u0259hsullar","item":"https:\/\/gentechstore.az\/mehsullar\/"},{"@type":"ListItem","position":3,"name":"10TB HDD (ST10000VE000)"}]},{"@type":"WebSite","@id":"https:\/\/gentechstore.az\/#website","url":"https:\/\/gentechstore.az\/","name":"\u041c\u0430\u0433\u0430\u0437\u0438\u043d Gentech","description":"\u0421\u0438\u0441\u0442\u0435\u043c\u044b \u0432\u0438\u0434\u0435\u043e\u043d\u0430\u0431\u043b\u044e\u0434\u0435\u043d\u0438\u044f, \u0438\u0441\u0442\u043e\u0447\u043d\u0438\u043a\u0438 \u0431\u0435\u0441\u043f\u0435\u0440\u0435\u0431\u043e\u0439\u043d\u043e\u0433\u043e \u043f\u0438\u0442\u0430\u043d\u0438\u044f, \u0441\u0435\u0442\u0435\u0432\u044b\u0435 \u0438 \u0437\u0432\u0443\u043a\u043e\u0432\u044b\u0435 \u0441\u0438\u0441\u0442\u0435\u043c\u044b.","publisher":{"@id":"https:\/\/gentechstore.az\/#organization"},"alternateName":"Gentech","potentialAction":[{"@type":"SearchAction","target":{"@type":"EntryPoint","urlTemplate":"https:\/\/gentechstore.az\/?s={search_term_string}"},"query-input":{"@type":"PropertyValueSpecification","valueRequired":true,"valueName":"search_term_string"}}],"inLanguage":"ru-RU"},{"@type":"Organization","@id":"https:\/\/gentechstore.az\/#organization","name":"\u041c\u0430\u0433\u0430\u0437\u0438\u043d Gentech","url":"https:\/\/gentechstore.az\/","logo":{"@type":"ImageObject","inLanguage":"ru-RU","@id":"https:\/\/gentechstore.az\/#\/schema\/logo\/image\/","url":"https:\/\/gentechstore.az\/wp-content\/uploads\/2026\/01\/Adsiz-tasarim.png","contentUrl":"https:\/\/gentechstore.az\/wp-content\/uploads\/2026\/01\/Adsiz-tasarim.png","width":110,"height":70,"caption":"Gentech Store"},"image":{"@id":"https:\/\/gentechstore.az\/#\/schema\/logo\/image\/"},"sameAs":["https:\/\/www.facebook.com\/gentechstoreaz\/","https:\/\/www.instagram.com\/gentech.store_az\/","https:\/\/www.tiktok.com\/@gentech_store"]}]}},"_links":{"self":[{"href":"https:\/\/gentechstore.az\/ru\/wp-json\/wp\/v2\/product\/5342","targetHints":{"allow":["GET"]}}],"collection":[{"href":"https:\/\/gentechstore.az\/ru\/wp-json\/wp\/v2\/product"}],"about":[{"href":"https:\/\/gentechstore.az\/ru\/wp-json\/wp\/v2\/types\/product"}],"wp:featuredmedia":[{"embeddable":true,"href":"https:\/\/gentechstore.az\/ru\/wp-json\/wp\/v2\/media\/5344"}],"wp:attachment":[{"href":"https:\/\/gentechstore.az\/ru\/wp-json\/wp\/v2\/media?parent=5342"}],"wp:term":[{"taxonomy":"product_brand","embeddable":true,"href":"https:\/\/gentechstore.az\/ru\/wp-json\/wp\/v2\/product_brand?post=5342"},{"taxonomy":"product_cat","embeddable":true,"href":"https:\/\/gentechstore.az\/ru\/wp-json\/wp\/v2\/product_cat?post=5342"},{"taxonomy":"product_tag","embeddable":true,"href":"https:\/\/gentechstore.az\/ru\/wp-json\/wp\/v2\/product_tag?post=5342"}],"curies":[{"name":"WP","href":"https:\/\/api.w.org\/{rel}","templated":true}]}}