{"id":5345,"date":"2026-03-22T13:33:14","date_gmt":"2026-03-22T13:33:14","guid":{"rendered":"https:\/\/gentechstore.az\/?post_type=product&#038;p=5345"},"modified":"2026-03-22T19:44:16","modified_gmt":"2026-03-22T19:44:16","slug":"8tb-hdd-hikvision-ds-80hkvs-vx1","status":"publish","type":"product","link":"https:\/\/gentechstore.az\/ru\/mehsullar\/8tb-hdd-hikvision-ds-80hkvs-vx1\/","title":{"rendered":"\u0416\u0435\u0441\u0442\u043a\u0438\u0439 \u0434\u0438\u0441\u043a \u043d\u0430 8 \u0422\u0411 (DS-80HKVS-VX1)"},"content":{"rendered":"","protected":false},"excerpt":{"rendered":"","protected":false},"featured_media":5346,"template":"","meta":[],"product_brand":[47],"product_cat":[792],"product_tag":[],"class_list":{"0":"post-5345","1":"product","2":"type-product","3":"status-publish","4":"has-post-thumbnail","6":"product_brand-hikvision","7":"product_cat-hard-disk","9":"first","10":"instock","11":"sale","12":"shipping-taxable","13":"purchasable","14":"product-type-simple"},"yoast_head":"<!-- This site is optimized with the Yoast SEO plugin v27.2 - https:\/\/yoast.com\/product\/yoast-seo-wordpress\/ -->\n<title>8TB HDD DS80HKVS-VX1 \u2013 R\u0259smi Z\u0259man\u0259tl\u0259 Sat\u0131\u015f | Bak\u0131<\/title>\n<meta name=\"description\" content=\"8TB HDD Hikvision DS80HKVS-VX1 7200 RPM, 256MB cache v\u0259 24\/7 i\u015fl\u0259m\u0259 d\u0259st\u0259yi il\u0259 videom\u00fc\u015fahid\u0259 sisteml\u0259ri \u00fc\u00e7\u00fcn optimalla\u015fd\u0131r\u0131lm\u0131\u015f yadda\u015f h\u0259llidir. Z\u0259man\u0259tl\u0259.\" \/>\n<meta name=\"robots\" content=\"index, follow, max-snippet:-1, max-image-preview:large, max-video-preview:-1\" \/>\n<link rel=\"canonical\" href=\"https:\/\/gentechstore.az\/ru\/mehsullar\/8tb-hdd-hikvision-ds-80hkvs-vx1\/\" \/>\n<meta property=\"og:locale\" content=\"ru_RU\" \/>\n<meta property=\"og:type\" content=\"product\" \/>\n<meta property=\"og:title\" content=\"8TB HDD DS80HKVS-VX1 \u2013 R\u0259smi Z\u0259man\u0259tl\u0259 Sat\u0131\u015f | Bak\u0131\" \/>\n<meta property=\"og:description\" content=\"8TB HDD Hikvision DS80HKVS-VX1 7200 RPM, 256MB cache v\u0259 24\/7 i\u015fl\u0259m\u0259 d\u0259st\u0259yi il\u0259 videom\u00fc\u015fahid\u0259 sisteml\u0259ri \u00fc\u00e7\u00fcn optimalla\u015fd\u0131r\u0131lm\u0131\u015f yadda\u015f h\u0259llidir. Z\u0259man\u0259tl\u0259.\" \/>\n<meta property=\"og:url\" content=\"https:\/\/gentechstore.az\/ru\/mehsullar\/8tb-hdd-hikvision-ds-80hkvs-vx1\/\" \/>\n<meta property=\"og:site_name\" content=\"Gentech Store\" \/>\n<meta property=\"article:publisher\" content=\"https:\/\/www.facebook.com\/gentechstoreaz\/\" \/>\n<meta property=\"article:modified_time\" content=\"2026-03-22T19:44:16+00:00\" \/>\n<meta property=\"og:image\" content=\"https:\/\/gentechstore.az\/wp-content\/uploads\/2026\/03\/8tb-hikvision-hdd.webp\" \/>\n\t<meta property=\"og:image:width\" content=\"255\" \/>\n\t<meta property=\"og:image:height\" content=\"266\" \/>\n\t<meta property=\"og:image:type\" content=\"image\/webp\" \/>\n<meta name=\"twitter:card\" content=\"summary_large_image\" \/>\n<meta name=\"twitter:label1\" content=\"\u041f\u0440\u0438\u043c\u0435\u0440\u043d\u043e\u0435 \u0432\u0440\u0435\u043c\u044f \u0434\u043b\u044f \u0447\u0442\u0435\u043d\u0438\u044f\" \/>\n\t<meta name=\"twitter:data1\" content=\"1 \u043c\u0438\u043d\u0443\u0442\u0430\" \/>\n<!-- \/ Yoast SEO plugin. -->","yoast_head_json":{"title":"8TB HDD DS80HKVS-VX1 \u2013 R\u0259smi Z\u0259man\u0259tl\u0259 Sat\u0131\u015f | Bak\u0131","description":"8TB HDD Hikvision DS80HKVS-VX1 7200 RPM, 256MB cache v\u0259 24\/7 i\u015fl\u0259m\u0259 d\u0259st\u0259yi il\u0259 videom\u00fc\u015fahid\u0259 sisteml\u0259ri \u00fc\u00e7\u00fcn optimalla\u015fd\u0131r\u0131lm\u0131\u015f yadda\u015f h\u0259llidir. Z\u0259man\u0259tl\u0259.","robots":{"index":"index","follow":"follow","max-snippet":"max-snippet:-1","max-image-preview":"max-image-preview:large","max-video-preview":"max-video-preview:-1"},"canonical":"https:\/\/gentechstore.az\/ru\/mehsullar\/8tb-hdd-hikvision-ds-80hkvs-vx1\/","og_locale":"ru_RU","og_type":"product","og_title":"8TB HDD DS80HKVS-VX1 \u2013 R\u0259smi Z\u0259man\u0259tl\u0259 Sat\u0131\u015f | Bak\u0131","og_description":"8TB HDD Hikvision DS80HKVS-VX1 7200 RPM, 256MB cache v\u0259 24\/7 i\u015fl\u0259m\u0259 d\u0259st\u0259yi il\u0259 videom\u00fc\u015fahid\u0259 sisteml\u0259ri \u00fc\u00e7\u00fcn optimalla\u015fd\u0131r\u0131lm\u0131\u015f yadda\u015f h\u0259llidir. Z\u0259man\u0259tl\u0259.","og_url":"https:\/\/gentechstore.az\/ru\/mehsullar\/8tb-hdd-hikvision-ds-80hkvs-vx1\/","og_site_name":"Gentech Store","article_publisher":"https:\/\/www.facebook.com\/gentechstoreaz\/","article_modified_time":"2026-03-22T19:44:16+00:00","og_image":[{"width":255,"height":266,"url":"https:\/\/gentechstore.az\/wp-content\/uploads\/2026\/03\/8tb-hikvision-hdd.webp","type":"image\/webp"}],"twitter_card":"summary_large_image","twitter_misc":{"\u041f\u0440\u0438\u043c\u0435\u0440\u043d\u043e\u0435 \u0432\u0440\u0435\u043c\u044f \u0434\u043b\u044f \u0447\u0442\u0435\u043d\u0438\u044f":"1 \u043c\u0438\u043d\u0443\u0442\u0430"},"schema":{"@context":"https:\/\/schema.org","@graph":[{"@type":"WebPage","@id":"https:\/\/gentechstore.az\/mehsullar\/8tb-hdd-hikvision-ds-80hkvs-vx1\/","url":"https:\/\/gentechstore.az\/mehsullar\/8tb-hdd-hikvision-ds-80hkvs-vx1\/","name":"8TB HDD DS80HKVS-VX1 \u2013 R\u0259smi Z\u0259man\u0259tl\u0259 Sat\u0131\u015f | Bak\u0131","isPartOf":{"@id":"https:\/\/gentechstore.az\/#website"},"primaryImageOfPage":{"@id":"https:\/\/gentechstore.az\/mehsullar\/8tb-hdd-hikvision-ds-80hkvs-vx1\/#primaryimage"},"image":{"@id":"https:\/\/gentechstore.az\/mehsullar\/8tb-hdd-hikvision-ds-80hkvs-vx1\/#primaryimage"},"thumbnailUrl":"https:\/\/gentechstore.az\/wp-content\/uploads\/2026\/03\/8tb-hikvision-hdd.webp","datePublished":"2026-03-22T13:33:14+00:00","dateModified":"2026-03-22T19:44:16+00:00","description":"8TB HDD Hikvision DS80HKVS-VX1 7200 RPM, 256MB cache v\u0259 24\/7 i\u015fl\u0259m\u0259 d\u0259st\u0259yi il\u0259 videom\u00fc\u015fahid\u0259 sisteml\u0259ri \u00fc\u00e7\u00fcn optimalla\u015fd\u0131r\u0131lm\u0131\u015f yadda\u015f h\u0259llidir. Z\u0259man\u0259tl\u0259.","breadcrumb":{"@id":"https:\/\/gentechstore.az\/mehsullar\/8tb-hdd-hikvision-ds-80hkvs-vx1\/#breadcrumb"},"inLanguage":"ru-RU","potentialAction":[{"@type":"ReadAction","target":["https:\/\/gentechstore.az\/mehsullar\/8tb-hdd-hikvision-ds-80hkvs-vx1\/"]}]},{"@type":"ImageObject","inLanguage":"ru-RU","@id":"https:\/\/gentechstore.az\/mehsullar\/8tb-hdd-hikvision-ds-80hkvs-vx1\/#primaryimage","url":"https:\/\/gentechstore.az\/wp-content\/uploads\/2026\/03\/8tb-hikvision-hdd.webp","contentUrl":"https:\/\/gentechstore.az\/wp-content\/uploads\/2026\/03\/8tb-hikvision-hdd.webp","width":255,"height":266,"caption":"8tb hikvision hdd DS80HKVS-VX1"},{"@type":"BreadcrumbList","@id":"https:\/\/gentechstore.az\/mehsullar\/8tb-hdd-hikvision-ds-80hkvs-vx1\/#breadcrumb","itemListElement":[{"@type":"ListItem","position":1,"name":"Anasayfa","item":"https:\/\/gentechstore.az\/"},{"@type":"ListItem","position":2,"name":"M\u0259hsullar","item":"https:\/\/gentechstore.az\/mehsullar\/"},{"@type":"ListItem","position":3,"name":"8TB HDD (DS-80HKVS-VX1)"}]},{"@type":"WebSite","@id":"https:\/\/gentechstore.az\/#website","url":"https:\/\/gentechstore.az\/","name":"\u041c\u0430\u0433\u0430\u0437\u0438\u043d Gentech","description":"\u0421\u0438\u0441\u0442\u0435\u043c\u044b \u0432\u0438\u0434\u0435\u043e\u043d\u0430\u0431\u043b\u044e\u0434\u0435\u043d\u0438\u044f, \u0438\u0441\u0442\u043e\u0447\u043d\u0438\u043a\u0438 \u0431\u0435\u0441\u043f\u0435\u0440\u0435\u0431\u043e\u0439\u043d\u043e\u0433\u043e \u043f\u0438\u0442\u0430\u043d\u0438\u044f, \u0441\u0435\u0442\u0435\u0432\u044b\u0435 \u0438 \u0437\u0432\u0443\u043a\u043e\u0432\u044b\u0435 \u0441\u0438\u0441\u0442\u0435\u043c\u044b.","publisher":{"@id":"https:\/\/gentechstore.az\/#organization"},"alternateName":"Gentech","potentialAction":[{"@type":"SearchAction","target":{"@type":"EntryPoint","urlTemplate":"https:\/\/gentechstore.az\/?s={search_term_string}"},"query-input":{"@type":"PropertyValueSpecification","valueRequired":true,"valueName":"search_term_string"}}],"inLanguage":"ru-RU"},{"@type":"Organization","@id":"https:\/\/gentechstore.az\/#organization","name":"\u041c\u0430\u0433\u0430\u0437\u0438\u043d Gentech","url":"https:\/\/gentechstore.az\/","logo":{"@type":"ImageObject","inLanguage":"ru-RU","@id":"https:\/\/gentechstore.az\/#\/schema\/logo\/image\/","url":"https:\/\/gentechstore.az\/wp-content\/uploads\/2026\/01\/Adsiz-tasarim.png","contentUrl":"https:\/\/gentechstore.az\/wp-content\/uploads\/2026\/01\/Adsiz-tasarim.png","width":110,"height":70,"caption":"Gentech Store"},"image":{"@id":"https:\/\/gentechstore.az\/#\/schema\/logo\/image\/"},"sameAs":["https:\/\/www.facebook.com\/gentechstoreaz\/","https:\/\/www.instagram.com\/gentech.store_az\/","https:\/\/www.tiktok.com\/@gentech_store"]}]}},"_links":{"self":[{"href":"https:\/\/gentechstore.az\/ru\/wp-json\/wp\/v2\/product\/5345","targetHints":{"allow":["GET"]}}],"collection":[{"href":"https:\/\/gentechstore.az\/ru\/wp-json\/wp\/v2\/product"}],"about":[{"href":"https:\/\/gentechstore.az\/ru\/wp-json\/wp\/v2\/types\/product"}],"wp:featuredmedia":[{"embeddable":true,"href":"https:\/\/gentechstore.az\/ru\/wp-json\/wp\/v2\/media\/5346"}],"wp:attachment":[{"href":"https:\/\/gentechstore.az\/ru\/wp-json\/wp\/v2\/media?parent=5345"}],"wp:term":[{"taxonomy":"product_brand","embeddable":true,"href":"https:\/\/gentechstore.az\/ru\/wp-json\/wp\/v2\/product_brand?post=5345"},{"taxonomy":"product_cat","embeddable":true,"href":"https:\/\/gentechstore.az\/ru\/wp-json\/wp\/v2\/product_cat?post=5345"},{"taxonomy":"product_tag","embeddable":true,"href":"https:\/\/gentechstore.az\/ru\/wp-json\/wp\/v2\/product_tag?post=5345"}],"curies":[{"name":"WP","href":"https:\/\/api.w.org\/{rel}","templated":true}]}}