{"id":5447,"date":"2026-04-03T21:46:27","date_gmt":"2026-04-03T21:46:27","guid":{"rendered":"https:\/\/gentechstore.az\/?post_type=product&#038;p=5447"},"modified":"2026-04-03T22:49:40","modified_gmt":"2026-04-03T22:49:40","slug":"1kva-online-ups-ske-gh11","status":"publish","type":"product","link":"https:\/\/gentechstore.az\/ru\/mehsullar\/1kva-online-ups-ske-gh11\/","title":{"rendered":"1KVA Online UPS | GH11"},"content":{"rendered":"","protected":false},"excerpt":{"rendered":"","protected":false},"featured_media":5449,"template":"","meta":[],"product_brand":[798],"product_cat":[50],"product_tag":[],"class_list":{"0":"post-5447","1":"product","2":"type-product","3":"status-publish","4":"has-post-thumbnail","6":"product_brand-ske-ups","7":"product_cat-upsvebatareyalar","9":"first","10":"instock","11":"sale","12":"shipping-taxable","13":"purchasable","14":"product-type-simple"},"yoast_head":"<!-- This site is optimized with the Yoast SEO plugin v27.2 - https:\/\/yoast.com\/product\/yoast-seo-wordpress\/ -->\n<title>1KVA Online UPS - SKE GH11 | R\u0259smi Z\u0259man\u0259tl\u0259 Sat\u0131\u015f<\/title>\n<meta name=\"description\" content=\"1KVA Online UPS - SKE GH11 | 1000VA\/900W g\u00fcc, 0.9 PF, stabil enerji \u00e7\u0131x\u0131\u015f\u0131 v\u0259 g\u00fccl\u00fc qoruma. R\u0259smi z\u0259man\u0259tl\u0259 sat\u0131\u015f v\u0259 \u00e7atd\u0131r\u0131lma imkan\u0131\" \/>\n<meta name=\"robots\" content=\"index, follow, max-snippet:-1, max-image-preview:large, max-video-preview:-1\" \/>\n<link rel=\"canonical\" href=\"https:\/\/gentechstore.az\/ru\/mehsullar\/1kva-online-ups-ske-gh11\/\" \/>\n<meta property=\"og:locale\" content=\"ru_RU\" \/>\n<meta property=\"og:type\" content=\"product\" \/>\n<meta property=\"og:title\" content=\"1KVA Online UPS - SKE GH11 | R\u0259smi Z\u0259man\u0259tl\u0259 Sat\u0131\u015f\" \/>\n<meta property=\"og:description\" content=\"1KVA Online UPS - SKE GH11 | 1000VA\/900W g\u00fcc, 0.9 PF, stabil enerji \u00e7\u0131x\u0131\u015f\u0131 v\u0259 g\u00fccl\u00fc qoruma. R\u0259smi z\u0259man\u0259tl\u0259 sat\u0131\u015f v\u0259 \u00e7atd\u0131r\u0131lma imkan\u0131\" \/>\n<meta property=\"og:url\" content=\"https:\/\/gentechstore.az\/ru\/mehsullar\/1kva-online-ups-ske-gh11\/\" \/>\n<meta property=\"og:site_name\" content=\"Gentech Store\" \/>\n<meta property=\"article:publisher\" content=\"https:\/\/www.facebook.com\/gentechstoreaz\/\" \/>\n<meta property=\"article:modified_time\" content=\"2026-04-03T22:49:40+00:00\" \/>\n<meta property=\"og:image\" content=\"https:\/\/gentechstore.az\/wp-content\/uploads\/2026\/04\/ph-11134207-7r992-lqzllzrm3fg5b3.png\" \/>\n\t<meta property=\"og:image:width\" content=\"1280\" \/>\n\t<meta property=\"og:image:height\" content=\"1280\" \/>\n\t<meta property=\"og:image:type\" content=\"image\/png\" \/>\n<meta name=\"twitter:card\" content=\"summary_large_image\" \/>\n<meta name=\"twitter:label1\" content=\"\u041f\u0440\u0438\u043c\u0435\u0440\u043d\u043e\u0435 \u0432\u0440\u0435\u043c\u044f \u0434\u043b\u044f \u0447\u0442\u0435\u043d\u0438\u044f\" \/>\n\t<meta name=\"twitter:data1\" content=\"1 \u043c\u0438\u043d\u0443\u0442\u0430\" \/>\n<!-- \/ Yoast SEO plugin. -->","yoast_head_json":{"title":"1KVA Online UPS - SKE GH11 | R\u0259smi Z\u0259man\u0259tl\u0259 Sat\u0131\u015f","description":"1KVA Online UPS - SKE GH11 | 1000VA\/900W g\u00fcc, 0.9 PF, stabil enerji \u00e7\u0131x\u0131\u015f\u0131 v\u0259 g\u00fccl\u00fc qoruma. R\u0259smi z\u0259man\u0259tl\u0259 sat\u0131\u015f v\u0259 \u00e7atd\u0131r\u0131lma imkan\u0131","robots":{"index":"index","follow":"follow","max-snippet":"max-snippet:-1","max-image-preview":"max-image-preview:large","max-video-preview":"max-video-preview:-1"},"canonical":"https:\/\/gentechstore.az\/ru\/mehsullar\/1kva-online-ups-ske-gh11\/","og_locale":"ru_RU","og_type":"product","og_title":"1KVA Online UPS - SKE GH11 | R\u0259smi Z\u0259man\u0259tl\u0259 Sat\u0131\u015f","og_description":"1KVA Online UPS - SKE GH11 | 1000VA\/900W g\u00fcc, 0.9 PF, stabil enerji \u00e7\u0131x\u0131\u015f\u0131 v\u0259 g\u00fccl\u00fc qoruma. R\u0259smi z\u0259man\u0259tl\u0259 sat\u0131\u015f v\u0259 \u00e7atd\u0131r\u0131lma imkan\u0131","og_url":"https:\/\/gentechstore.az\/ru\/mehsullar\/1kva-online-ups-ske-gh11\/","og_site_name":"Gentech Store","article_publisher":"https:\/\/www.facebook.com\/gentechstoreaz\/","article_modified_time":"2026-04-03T22:49:40+00:00","og_image":[{"width":1280,"height":1280,"url":"https:\/\/gentechstore.az\/wp-content\/uploads\/2026\/04\/ph-11134207-7r992-lqzllzrm3fg5b3.png","type":"image\/png"}],"twitter_card":"summary_large_image","twitter_misc":{"\u041f\u0440\u0438\u043c\u0435\u0440\u043d\u043e\u0435 \u0432\u0440\u0435\u043c\u044f \u0434\u043b\u044f \u0447\u0442\u0435\u043d\u0438\u044f":"1 \u043c\u0438\u043d\u0443\u0442\u0430"},"schema":{"@context":"https:\/\/schema.org","@graph":[{"@type":"WebPage","@id":"https:\/\/gentechstore.az\/mehsullar\/1kva-online-ups-ske-gh11\/","url":"https:\/\/gentechstore.az\/mehsullar\/1kva-online-ups-ske-gh11\/","name":"1KVA Online UPS - SKE GH11 | R\u0259smi Z\u0259man\u0259tl\u0259 Sat\u0131\u015f","isPartOf":{"@id":"https:\/\/gentechstore.az\/#website"},"primaryImageOfPage":{"@id":"https:\/\/gentechstore.az\/mehsullar\/1kva-online-ups-ske-gh11\/#primaryimage"},"image":{"@id":"https:\/\/gentechstore.az\/mehsullar\/1kva-online-ups-ske-gh11\/#primaryimage"},"thumbnailUrl":"https:\/\/gentechstore.az\/wp-content\/uploads\/2026\/04\/ph-11134207-7r992-lqzllzrm3fg5b3.png","datePublished":"2026-04-03T21:46:27+00:00","dateModified":"2026-04-03T22:49:40+00:00","description":"1KVA Online UPS - SKE GH11 | 1000VA\/900W g\u00fcc, 0.9 PF, stabil enerji \u00e7\u0131x\u0131\u015f\u0131 v\u0259 g\u00fccl\u00fc qoruma. R\u0259smi z\u0259man\u0259tl\u0259 sat\u0131\u015f v\u0259 \u00e7atd\u0131r\u0131lma imkan\u0131","breadcrumb":{"@id":"https:\/\/gentechstore.az\/mehsullar\/1kva-online-ups-ske-gh11\/#breadcrumb"},"inLanguage":"ru-RU","potentialAction":[{"@type":"ReadAction","target":["https:\/\/gentechstore.az\/mehsullar\/1kva-online-ups-ske-gh11\/"]}]},{"@type":"ImageObject","inLanguage":"ru-RU","@id":"https:\/\/gentechstore.az\/mehsullar\/1kva-online-ups-ske-gh11\/#primaryimage","url":"https:\/\/gentechstore.az\/wp-content\/uploads\/2026\/04\/ph-11134207-7r992-lqzllzrm3fg5b3.png","contentUrl":"https:\/\/gentechstore.az\/wp-content\/uploads\/2026\/04\/ph-11134207-7r992-lqzllzrm3fg5b3.png","width":1280,"height":1280,"caption":"1kva online ups ske GH11"},{"@type":"BreadcrumbList","@id":"https:\/\/gentechstore.az\/mehsullar\/1kva-online-ups-ske-gh11\/#breadcrumb","itemListElement":[{"@type":"ListItem","position":1,"name":"Anasayfa","item":"https:\/\/gentechstore.az\/"},{"@type":"ListItem","position":2,"name":"M\u0259hsullar","item":"https:\/\/gentechstore.az\/mehsullar\/"},{"@type":"ListItem","position":3,"name":"1KVA Online UPS | GH11"}]},{"@type":"WebSite","@id":"https:\/\/gentechstore.az\/#website","url":"https:\/\/gentechstore.az\/","name":"\u041c\u0430\u0433\u0430\u0437\u0438\u043d Gentech","description":"\u0421\u0438\u0441\u0442\u0435\u043c\u044b \u0432\u0438\u0434\u0435\u043e\u043d\u0430\u0431\u043b\u044e\u0434\u0435\u043d\u0438\u044f, \u0438\u0441\u0442\u043e\u0447\u043d\u0438\u043a\u0438 \u0431\u0435\u0441\u043f\u0435\u0440\u0435\u0431\u043e\u0439\u043d\u043e\u0433\u043e \u043f\u0438\u0442\u0430\u043d\u0438\u044f, \u0441\u0435\u0442\u0435\u0432\u044b\u0435 \u0438 \u0437\u0432\u0443\u043a\u043e\u0432\u044b\u0435 \u0441\u0438\u0441\u0442\u0435\u043c\u044b.","publisher":{"@id":"https:\/\/gentechstore.az\/#organization"},"alternateName":"Gentech","potentialAction":[{"@type":"SearchAction","target":{"@type":"EntryPoint","urlTemplate":"https:\/\/gentechstore.az\/?s={search_term_string}"},"query-input":{"@type":"PropertyValueSpecification","valueRequired":true,"valueName":"search_term_string"}}],"inLanguage":"ru-RU"},{"@type":"Organization","@id":"https:\/\/gentechstore.az\/#organization","name":"\u041c\u0430\u0433\u0430\u0437\u0438\u043d Gentech","url":"https:\/\/gentechstore.az\/","logo":{"@type":"ImageObject","inLanguage":"ru-RU","@id":"https:\/\/gentechstore.az\/#\/schema\/logo\/image\/","url":"https:\/\/gentechstore.az\/wp-content\/uploads\/2026\/01\/Adsiz-tasarim.png","contentUrl":"https:\/\/gentechstore.az\/wp-content\/uploads\/2026\/01\/Adsiz-tasarim.png","width":110,"height":70,"caption":"Gentech Store"},"image":{"@id":"https:\/\/gentechstore.az\/#\/schema\/logo\/image\/"},"sameAs":["https:\/\/www.facebook.com\/gentechstoreaz\/","https:\/\/www.instagram.com\/gentech.store_az\/","https:\/\/www.tiktok.com\/@gentech_store"]}]}},"_links":{"self":[{"href":"https:\/\/gentechstore.az\/ru\/wp-json\/wp\/v2\/product\/5447","targetHints":{"allow":["GET"]}}],"collection":[{"href":"https:\/\/gentechstore.az\/ru\/wp-json\/wp\/v2\/product"}],"about":[{"href":"https:\/\/gentechstore.az\/ru\/wp-json\/wp\/v2\/types\/product"}],"wp:featuredmedia":[{"embeddable":true,"href":"https:\/\/gentechstore.az\/ru\/wp-json\/wp\/v2\/media\/5449"}],"wp:attachment":[{"href":"https:\/\/gentechstore.az\/ru\/wp-json\/wp\/v2\/media?parent=5447"}],"wp:term":[{"taxonomy":"product_brand","embeddable":true,"href":"https:\/\/gentechstore.az\/ru\/wp-json\/wp\/v2\/product_brand?post=5447"},{"taxonomy":"product_cat","embeddable":true,"href":"https:\/\/gentechstore.az\/ru\/wp-json\/wp\/v2\/product_cat?post=5447"},{"taxonomy":"product_tag","embeddable":true,"href":"https:\/\/gentechstore.az\/ru\/wp-json\/wp\/v2\/product_tag?post=5447"}],"curies":[{"name":"WP","href":"https:\/\/api.w.org\/{rel}","templated":true}]}}