{"id":942,"date":"2026-01-01T13:18:00","date_gmt":"2026-01-01T13:18:00","guid":{"rendered":"https:\/\/gentechstore.az\/?post_type=product&#038;p=942"},"modified":"2026-04-05T23:41:58","modified_gmt":"2026-04-05T23:41:58","slug":"unv-nvr508-64b","status":"publish","type":"product","link":"https:\/\/gentechstore.az\/ru\/mehsullar\/unv-nvr508-64b\/","title":{"rendered":"NVR508\u201164B | 64 Kanal NVR"},"content":{"rendered":"","protected":false},"excerpt":{"rendered":"","protected":false},"featured_media":952,"template":"","meta":[],"product_brand":[67],"product_cat":[124,105],"product_tag":[125,260],"class_list":{"0":"post-942","1":"product","2":"type-product","3":"status-publish","4":"has-post-thumbnail","6":"product_brand-unv","7":"product_cat-nvr","8":"product_cat-videoqeydiyyat-cihazlari","9":"product_tag-nvr","10":"product_tag-unv","11":"pa_maxmp-16mp","13":"first","14":"instock","15":"sale","16":"shipping-taxable","17":"purchasable","18":"product-type-simple"},"yoast_head":"<!-- This site is optimized with the Yoast SEO plugin v27.2 - https:\/\/yoast.com\/product\/yoast-seo-wordpress\/ -->\n<title>UNV NVR508\u201164B | 64 Kanal 16MP NVR | 8 SATA (HDD) D\u0259st\u0259kli<\/title>\n<meta name=\"description\" content=\"UNV NVR508\u201164B \u2013 64 kanal IP giri\u015f, Ultra 265\/H.265\/H.264 d\u0259st\u0259yi, HDMI\/VGA 4K \u00e7\u0131x\u0131\u015f v\u0259 8 SATA interfeysi il\u0259 h\u0259r biri 12TB-a q\u0259d\u0259r HDD tutumu.\" \/>\n<meta name=\"robots\" content=\"index, follow, max-snippet:-1, max-image-preview:large, max-video-preview:-1\" \/>\n<link rel=\"canonical\" href=\"https:\/\/gentechstore.az\/ru\/mehsullar\/unv-nvr508-64b\/\" \/>\n<meta property=\"og:locale\" content=\"ru_RU\" \/>\n<meta property=\"og:type\" content=\"product\" \/>\n<meta property=\"og:title\" content=\"UNV NVR508\u201164B | 64 Kanal 16MP NVR | 8 SATA (HDD) D\u0259st\u0259kli\" \/>\n<meta property=\"og:description\" content=\"UNV NVR508\u201164B \u2013 64 kanal IP giri\u015f, Ultra 265\/H.265\/H.264 d\u0259st\u0259yi, HDMI\/VGA 4K \u00e7\u0131x\u0131\u015f v\u0259 8 SATA interfeysi il\u0259 h\u0259r biri 12TB-a q\u0259d\u0259r HDD tutumu.\" \/>\n<meta property=\"og:url\" content=\"https:\/\/gentechstore.az\/ru\/mehsullar\/unv-nvr508-64b\/\" \/>\n<meta property=\"og:site_name\" content=\"Gentech Store\" \/>\n<meta property=\"article:publisher\" content=\"https:\/\/www.facebook.com\/gentechstoreaz\/\" \/>\n<meta property=\"article:modified_time\" content=\"2026-04-05T23:41:58+00:00\" \/>\n<meta property=\"og:image\" content=\"https:\/\/gentechstore.az\/wp-content\/uploads\/2026\/01\/236-scaled.webp\" \/>\n\t<meta property=\"og:image:width\" content=\"2469\" \/>\n\t<meta property=\"og:image:height\" content=\"2469\" \/>\n\t<meta property=\"og:image:type\" content=\"image\/webp\" \/>\n<meta name=\"twitter:card\" content=\"summary_large_image\" \/>\n<meta name=\"twitter:label1\" content=\"\u041f\u0440\u0438\u043c\u0435\u0440\u043d\u043e\u0435 \u0432\u0440\u0435\u043c\u044f \u0434\u043b\u044f \u0447\u0442\u0435\u043d\u0438\u044f\" \/>\n\t<meta name=\"twitter:data1\" content=\"1 \u043c\u0438\u043d\u0443\u0442\u0430\" \/>\n<!-- \/ Yoast SEO plugin. -->","yoast_head_json":{"title":"UNV NVR508\u201164B | 64 Kanal 16MP NVR | 8 SATA (HDD) D\u0259st\u0259kli","description":"UNV NVR508\u201164B \u2013 64 kanal IP giri\u015f, Ultra 265\/H.265\/H.264 d\u0259st\u0259yi, HDMI\/VGA 4K \u00e7\u0131x\u0131\u015f v\u0259 8 SATA interfeysi il\u0259 h\u0259r biri 12TB-a q\u0259d\u0259r HDD tutumu.","robots":{"index":"index","follow":"follow","max-snippet":"max-snippet:-1","max-image-preview":"max-image-preview:large","max-video-preview":"max-video-preview:-1"},"canonical":"https:\/\/gentechstore.az\/ru\/mehsullar\/unv-nvr508-64b\/","og_locale":"ru_RU","og_type":"product","og_title":"UNV NVR508\u201164B | 64 Kanal 16MP NVR | 8 SATA (HDD) D\u0259st\u0259kli","og_description":"UNV NVR508\u201164B \u2013 64 kanal IP giri\u015f, Ultra 265\/H.265\/H.264 d\u0259st\u0259yi, HDMI\/VGA 4K \u00e7\u0131x\u0131\u015f v\u0259 8 SATA interfeysi il\u0259 h\u0259r biri 12TB-a q\u0259d\u0259r HDD tutumu.","og_url":"https:\/\/gentechstore.az\/ru\/mehsullar\/unv-nvr508-64b\/","og_site_name":"Gentech Store","article_publisher":"https:\/\/www.facebook.com\/gentechstoreaz\/","article_modified_time":"2026-04-05T23:41:58+00:00","og_image":[{"width":2469,"height":2469,"url":"https:\/\/gentechstore.az\/wp-content\/uploads\/2026\/01\/236-scaled.webp","type":"image\/webp"}],"twitter_card":"summary_large_image","twitter_misc":{"\u041f\u0440\u0438\u043c\u0435\u0440\u043d\u043e\u0435 \u0432\u0440\u0435\u043c\u044f \u0434\u043b\u044f \u0447\u0442\u0435\u043d\u0438\u044f":"1 \u043c\u0438\u043d\u0443\u0442\u0430"},"schema":{"@context":"https:\/\/schema.org","@graph":[{"@type":"WebPage","@id":"https:\/\/gentechstore.az\/mehsullar\/unv-nvr508-64b\/","url":"https:\/\/gentechstore.az\/mehsullar\/unv-nvr508-64b\/","name":"UNV NVR508\u201164B | 64 Kanal 16MP NVR | 8 SATA (HDD) D\u0259st\u0259kli","isPartOf":{"@id":"https:\/\/gentechstore.az\/#website"},"primaryImageOfPage":{"@id":"https:\/\/gentechstore.az\/mehsullar\/unv-nvr508-64b\/#primaryimage"},"image":{"@id":"https:\/\/gentechstore.az\/mehsullar\/unv-nvr508-64b\/#primaryimage"},"thumbnailUrl":"https:\/\/gentechstore.az\/wp-content\/uploads\/2026\/01\/236-scaled.webp","datePublished":"2026-01-01T13:18:00+00:00","dateModified":"2026-04-05T23:41:58+00:00","description":"UNV NVR508\u201164B \u2013 64 kanal IP giri\u015f, Ultra 265\/H.265\/H.264 d\u0259st\u0259yi, HDMI\/VGA 4K \u00e7\u0131x\u0131\u015f v\u0259 8 SATA interfeysi il\u0259 h\u0259r biri 12TB-a q\u0259d\u0259r HDD tutumu.","breadcrumb":{"@id":"https:\/\/gentechstore.az\/mehsullar\/unv-nvr508-64b\/#breadcrumb"},"inLanguage":"ru-RU","potentialAction":[{"@type":"ReadAction","target":["https:\/\/gentechstore.az\/mehsullar\/unv-nvr508-64b\/"]}]},{"@type":"ImageObject","inLanguage":"ru-RU","@id":"https:\/\/gentechstore.az\/mehsullar\/unv-nvr508-64b\/#primaryimage","url":"https:\/\/gentechstore.az\/wp-content\/uploads\/2026\/01\/236-scaled.webp","contentUrl":"https:\/\/gentechstore.az\/wp-content\/uploads\/2026\/01\/236-scaled.webp","width":2469,"height":2469,"caption":"UNV NVR508\u201164B"},{"@type":"BreadcrumbList","@id":"https:\/\/gentechstore.az\/mehsullar\/unv-nvr508-64b\/#breadcrumb","itemListElement":[{"@type":"ListItem","position":1,"name":"Anasayfa","item":"https:\/\/gentechstore.az\/"},{"@type":"ListItem","position":2,"name":"M\u0259hsullar","item":"https:\/\/gentechstore.az\/mehsullar\/"},{"@type":"ListItem","position":3,"name":"NVR508\u201164B | 64 Kanal NVR"}]},{"@type":"WebSite","@id":"https:\/\/gentechstore.az\/#website","url":"https:\/\/gentechstore.az\/","name":"\u041c\u0430\u0433\u0430\u0437\u0438\u043d Gentech","description":"\u0421\u0438\u0441\u0442\u0435\u043c\u044b \u0432\u0438\u0434\u0435\u043e\u043d\u0430\u0431\u043b\u044e\u0434\u0435\u043d\u0438\u044f, \u0438\u0441\u0442\u043e\u0447\u043d\u0438\u043a\u0438 \u0431\u0435\u0441\u043f\u0435\u0440\u0435\u0431\u043e\u0439\u043d\u043e\u0433\u043e \u043f\u0438\u0442\u0430\u043d\u0438\u044f, \u0441\u0435\u0442\u0435\u0432\u044b\u0435 \u0438 \u0437\u0432\u0443\u043a\u043e\u0432\u044b\u0435 \u0441\u0438\u0441\u0442\u0435\u043c\u044b.","publisher":{"@id":"https:\/\/gentechstore.az\/#organization"},"alternateName":"Gentech","potentialAction":[{"@type":"SearchAction","target":{"@type":"EntryPoint","urlTemplate":"https:\/\/gentechstore.az\/?s={search_term_string}"},"query-input":{"@type":"PropertyValueSpecification","valueRequired":true,"valueName":"search_term_string"}}],"inLanguage":"ru-RU"},{"@type":"Organization","@id":"https:\/\/gentechstore.az\/#organization","name":"\u041c\u0430\u0433\u0430\u0437\u0438\u043d Gentech","url":"https:\/\/gentechstore.az\/","logo":{"@type":"ImageObject","inLanguage":"ru-RU","@id":"https:\/\/gentechstore.az\/#\/schema\/logo\/image\/","url":"https:\/\/gentechstore.az\/wp-content\/uploads\/2026\/01\/Adsiz-tasarim.png","contentUrl":"https:\/\/gentechstore.az\/wp-content\/uploads\/2026\/01\/Adsiz-tasarim.png","width":110,"height":70,"caption":"Gentech Store"},"image":{"@id":"https:\/\/gentechstore.az\/#\/schema\/logo\/image\/"},"sameAs":["https:\/\/www.facebook.com\/gentechstoreaz\/","https:\/\/www.instagram.com\/gentech.store_az\/","https:\/\/www.tiktok.com\/@gentech_store"]}]}},"_links":{"self":[{"href":"https:\/\/gentechstore.az\/ru\/wp-json\/wp\/v2\/product\/942","targetHints":{"allow":["GET"]}}],"collection":[{"href":"https:\/\/gentechstore.az\/ru\/wp-json\/wp\/v2\/product"}],"about":[{"href":"https:\/\/gentechstore.az\/ru\/wp-json\/wp\/v2\/types\/product"}],"wp:featuredmedia":[{"embeddable":true,"href":"https:\/\/gentechstore.az\/ru\/wp-json\/wp\/v2\/media\/952"}],"wp:attachment":[{"href":"https:\/\/gentechstore.az\/ru\/wp-json\/wp\/v2\/media?parent=942"}],"wp:term":[{"taxonomy":"product_brand","embeddable":true,"href":"https:\/\/gentechstore.az\/ru\/wp-json\/wp\/v2\/product_brand?post=942"},{"taxonomy":"product_cat","embeddable":true,"href":"https:\/\/gentechstore.az\/ru\/wp-json\/wp\/v2\/product_cat?post=942"},{"taxonomy":"product_tag","embeddable":true,"href":"https:\/\/gentechstore.az\/ru\/wp-json\/wp\/v2\/product_tag?post=942"}],"curies":[{"name":"WP","href":"https:\/\/api.w.org\/{rel}","templated":true}]}}